{"id":3203,"date":"2021-10-27T15:26:26","date_gmt":"2021-10-27T13:26:26","guid":{"rendered":"https:\/\/sokpsul.com\/product\/salopette-bleu-de-travail-btob\/"},"modified":"2022-08-17T20:18:01","modified_gmt":"2022-08-17T18:18:01","slug":"salopette-bleu-de-travail-btob","status":"publish","type":"product","link":"https:\/\/sokpsul.com\/en\/product\/salopette-bleu-de-travail-btob\/","title":{"rendered":"Overalls blue work"},"content":{"rendered":"<p>\ud83c\uddeb\ud83c\uddf7<br \/>\nChaque salopette cr\u00e9\u00e9e \u00e0 partir d\u2019un bleu de travail raconte sa propre histoire. Traces d\u2019usures, t\u00e2ches et d\u00e9chirures conf\u00e8rent \u00e0 mes salopettes en bleu de travail un style unique portant les marques du pass\u00e9. Nos salopette en bleu de travail sont uniques et customisables \u00e0 l&rsquo;infini !<\/p>\n<p>Ces salopettes en bleu de travail sont ensuite modernis\u00e9s en France, \u00e0 Marseille. Nous r\u00e9parons les plus ab\u00eem\u00e9es et y ajoutons diverses \u00e9l\u00e9ments afin de faire de ces tenues de travail de v\u00e9ritables accessoires de mode.<\/p>\n<p>\u26a0\ufe0f Attention : Pour les salopettes customis\u00e9es les d\u00e9lais de livraison peuvent \u00eatre rallong\u00e9s.<\/p>\n<p>&nbsp;<\/p>\n<p>\ud83c\uddec\ud83c\udde7<br \/>\nEach piece created from a blue suit tells its own story. Traces of wear, stains and tears give my clothes a unique style bearing the marks of the past.<\/p>\n<p>My clothes are then modernized in France, in Marseille. We repair the most damaged ones and add various elements to make these work outfits real fashion accessories.<\/p>\n<p>\u26a0\ufe0f Please note: For custom products the delivery time may be extended.<\/p>\n<p>&nbsp;<\/p>\n<p>&nbsp;<\/p>\n<p>&nbsp;<\/p>\n<p>&nbsp;<\/p>","protected":false},"excerpt":{"rendered":"<p><strong>Salopette en bleu de travail vintage<\/strong><\/p>\n<p>Chaque salopette cr\u00e9\u00e9e \u00e0 partir d\u2019un bleu de travail raconte sa propre histoire. Traces d\u2019usures, t\u00e2ches et d\u00e9chirures conf\u00e8rent \u00e0 mes salopettes en bleu de travail un style unique portant les marques du pass\u00e9. Nos salopettes en bleu de travail sont uniques et customisables \u00e0 l&rsquo;infini !<\/p>\n<p>\u26a0\ufe0f : Chaque salopette \u00e9tant unique, les salopettes re\u00e7ues ne correspondront pas \u00e0 celles des photos.<\/p>\n<p>\u26a0\ufe0f : Pour les salopettes customis\u00e9es les d\u00e9lais de livraison peuvent \u00eatre rallong\u00e9s.<\/p>","protected":false},"featured_media":104862,"template":"","meta":{"_et_pb_use_builder":"","_et_pb_old_content":"","_et_gb_content_width":""},"product_brand":[],"product_cat":[156,93],"product_tag":[158],"class_list":{"0":"post-3203","1":"product","2":"type-product","3":"status-publish","4":"has-post-thumbnail","6":"product_cat-combinaisons-bas","7":"product_cat-mode-accessoires","8":"product_tag-bleu-de-travail","9":"pa_taille-l","10":"pa_taille-m","11":"pa_taille-s","13":"first","14":"instock","15":"taxable","16":"shipping-taxable","17":"purchasable","18":"product-type-variable"},"_links":{"self":[{"href":"https:\/\/sokpsul.com\/en\/wp-json\/wp\/v2\/product\/3203","targetHints":{"allow":["GET"]}}],"collection":[{"href":"https:\/\/sokpsul.com\/en\/wp-json\/wp\/v2\/product"}],"about":[{"href":"https:\/\/sokpsul.com\/en\/wp-json\/wp\/v2\/types\/product"}],"wp:featuredmedia":[{"embeddable":true,"href":"https:\/\/sokpsul.com\/en\/wp-json\/wp\/v2\/media\/104862"}],"wp:attachment":[{"href":"https:\/\/sokpsul.com\/en\/wp-json\/wp\/v2\/media?parent=3203"}],"wp:term":[{"taxonomy":"product_brand","embeddable":true,"href":"https:\/\/sokpsul.com\/en\/wp-json\/wp\/v2\/product_brand?post=3203"},{"taxonomy":"product_cat","embeddable":true,"href":"https:\/\/sokpsul.com\/en\/wp-json\/wp\/v2\/product_cat?post=3203"},{"taxonomy":"product_tag","embeddable":true,"href":"https:\/\/sokpsul.com\/en\/wp-json\/wp\/v2\/product_tag?post=3203"}],"curies":[{"name":"wp","href":"https:\/\/api.w.org\/{rel}","templated":true}]}}