{"id":3062,"date":"2021-07-02T14:32:00","date_gmt":"2021-07-02T12:32:00","guid":{"rendered":"https:\/\/sokpsul.com\/product\/bresil\/"},"modified":"2022-02-25T14:48:30","modified_gmt":"2022-02-25T13:48:30","slug":"bresil-pochette-en-serpilliere-gaufree","status":"publish","type":"product","link":"https:\/\/sokpsul.com\/en\/product\/bresil-pochette-en-serpilliere-gaufree\/","title":{"rendered":"Br\u00e9sil \u2013 Embossed mop pouch"},"content":{"rendered":"<p>\ud83c\uddeb\ud83c\uddf7<br \/>\nPochette Br\u00e9sil r\u00e9alis\u00e9e \u00e0 partir d&rsquo;une serpilli\u00e8re gaufr\u00e9e recycl\u00e9e. Grande pochette, id\u00e9ale pour y ranger un ordinateur portable.<\/p>\n<p>Dimensions : L 26cm x H 38cm<\/p>\n<p>\ud83c\uddec\ud83c\udde7<br \/>\nBr\u00e9sil pouch made from recycled mop. Large pouch, ideal for storing a laptop.<\/p>\n<p>Dimensions: L 26cm x H 38cm<\/p>\n<p><img loading=\"lazy\" decoding=\"async\" class=\"alignnone wp-image-103896\" src=\"https:\/\/sokpsul.com\/wp-content\/uploads\/2021\/07\/fiche-produit-pochette-serpillie\u0300res.png\" alt=\"\" width=\"500\" height=\"500\" \/><\/p>","protected":false},"excerpt":{"rendered":"<p>Pochette Br\u00e9sil r\u00e9alis\u00e9e \u00e0 partir d&rsquo;une serpilli\u00e8re gaufr\u00e9e recycl\u00e9e. Grande pochette, id\u00e9ale pour y ranger un ordinateur portable.<\/p>","protected":false},"featured_media":102853,"template":"","meta":{"_et_pb_use_builder":"","_et_pb_old_content":"","_et_gb_content_width":""},"product_brand":[],"product_cat":[151,94],"product_tag":[161],"class_list":{"0":"post-3062","1":"product","2":"type-product","3":"status-publish","4":"has-post-thumbnail","6":"product_cat-pochettes","7":"product_cat-sacs-pochettes","8":"product_tag-serpilliere-recyclee","9":"pa_couleur-kaki","10":"pa_couleur-navy","11":"pa_couleur-red","13":"first","14":"instock","15":"taxable","16":"shipping-taxable","17":"purchasable","18":"product-type-variable"},"_links":{"self":[{"href":"https:\/\/sokpsul.com\/en\/wp-json\/wp\/v2\/product\/3062","targetHints":{"allow":["GET"]}}],"collection":[{"href":"https:\/\/sokpsul.com\/en\/wp-json\/wp\/v2\/product"}],"about":[{"href":"https:\/\/sokpsul.com\/en\/wp-json\/wp\/v2\/types\/product"}],"wp:featuredmedia":[{"embeddable":true,"href":"https:\/\/sokpsul.com\/en\/wp-json\/wp\/v2\/media\/102853"}],"wp:attachment":[{"href":"https:\/\/sokpsul.com\/en\/wp-json\/wp\/v2\/media?parent=3062"}],"wp:term":[{"taxonomy":"product_brand","embeddable":true,"href":"https:\/\/sokpsul.com\/en\/wp-json\/wp\/v2\/product_brand?post=3062"},{"taxonomy":"product_cat","embeddable":true,"href":"https:\/\/sokpsul.com\/en\/wp-json\/wp\/v2\/product_cat?post=3062"},{"taxonomy":"product_tag","embeddable":true,"href":"https:\/\/sokpsul.com\/en\/wp-json\/wp\/v2\/product_tag?post=3062"}],"curies":[{"name":"wp","href":"https:\/\/api.w.org\/{rel}","templated":true}]}}