{"id":2915,"date":"2021-06-09T13:32:45","date_gmt":"2021-06-09T11:32:45","guid":{"rendered":"https:\/\/sokpsul.com\/product\/veste-jean\/"},"modified":"2022-03-07T16:40:24","modified_gmt":"2022-03-07T15:40:24","slug":"veste-denim-vintage-custom","status":"publish","type":"product","link":"https:\/\/sokpsul.com\/en\/product\/veste-denim-vintage-custom\/","title":{"rendered":"Custom denim vintage Jacket"},"content":{"rendered":"<p>\ud83c\uddeb\ud83c\uddf7<br \/>\nVestes en jean custimis\u00e9es vintage.<\/p>\n<p>Chaque pi\u00e8ce cr\u00e9\u00e9e raconte sa propre histoire. Traces d\u2019usures, t\u00e2ches et d\u00e9chirures conf\u00e8rent \u00e0 mes vestes un style unique portant les marques du pass\u00e9.<br \/>\nMes v\u00eatements sont ensuite modernis\u00e9s en France, \u00e0 Marseille. Nous r\u00e9parons les plus ab\u00eem\u00e9s et y ajoutons diverses \u00e9l\u00e9ments afin de faire de ces pi\u00e8ces de v\u00e9ritables accessoires de mode.<\/p>\n<p>\u26a0\ufe0f Attention : Pour les vestes customis\u00e9es les d\u00e9lais de livraison peuvent \u00eatre rallong\u00e9s.<\/p>\n<p>&nbsp;<\/p>\n<p>\ud83c\uddec\ud83c\udde7<br \/>\nVintage custimized denim jackets.<\/p>\n<p>Each piece created tells its own story. Traces of wear, stains and tears give my jackets a unique style with the marks of the past.<br \/>\nMy clothes are then modernized in France, in Marseille. We repair the most damaged and add various elements to make his work clothes real fashion accessories.<\/p>\n<p>\u26a0\ufe0f Please note: For custom jackets the delivery time may be extended.<\/p>\n<p>&nbsp;<\/p>\n<p><img loading=\"lazy\" decoding=\"async\" class=\"alignnone wp-image-104235 size-full\" src=\"https:\/\/sokpsul.com\/wp-content\/uploads\/2021\/06\/fiche-produit-vestes.png\" alt=\"\" width=\"800\" height=\"800\" \/><\/p>","protected":false},"excerpt":{"rendered":"<p>Vestes en jean vintage custimis\u00e9es par SoKpsul. !<\/p>\n<p>Vestes denim customis\u00e9es et modernis\u00e9es en France, \u00e0 Marseille. Nous r\u00e9parons les plus ab\u00eem\u00e9s et y ajoutons diverses \u00e9l\u00e9ments afin de faire de ces pi\u00e8ces de v\u00e9ritables accessoires de mode.<\/p>\n<p>&nbsp;<\/p>\n<p>\u26a0\ufe0f: As each jacket is unique, the jackets received will not match those in the photos.<\/p>","protected":false},"featured_media":104765,"template":"","meta":{"_et_pb_use_builder":"","_et_pb_old_content":"","_et_gb_content_width":""},"product_brand":[],"product_cat":[93,155],"product_tag":[159],"class_list":{"0":"post-2915","1":"product","2":"type-product","3":"status-publish","4":"has-post-thumbnail","6":"product_cat-mode-accessoires","7":"product_cat-hauts","8":"product_tag-denim","9":"pa_taille-l","10":"pa_taille-m","11":"pa_taille-s","13":"first","14":"instock","15":"taxable","16":"shipping-taxable","17":"purchasable","18":"product-type-variable"},"_links":{"self":[{"href":"https:\/\/sokpsul.com\/en\/wp-json\/wp\/v2\/product\/2915","targetHints":{"allow":["GET"]}}],"collection":[{"href":"https:\/\/sokpsul.com\/en\/wp-json\/wp\/v2\/product"}],"about":[{"href":"https:\/\/sokpsul.com\/en\/wp-json\/wp\/v2\/types\/product"}],"wp:featuredmedia":[{"embeddable":true,"href":"https:\/\/sokpsul.com\/en\/wp-json\/wp\/v2\/media\/104765"}],"wp:attachment":[{"href":"https:\/\/sokpsul.com\/en\/wp-json\/wp\/v2\/media?parent=2915"}],"wp:term":[{"taxonomy":"product_brand","embeddable":true,"href":"https:\/\/sokpsul.com\/en\/wp-json\/wp\/v2\/product_brand?post=2915"},{"taxonomy":"product_cat","embeddable":true,"href":"https:\/\/sokpsul.com\/en\/wp-json\/wp\/v2\/product_cat?post=2915"},{"taxonomy":"product_tag","embeddable":true,"href":"https:\/\/sokpsul.com\/en\/wp-json\/wp\/v2\/product_tag?post=2915"}],"curies":[{"name":"wp","href":"https:\/\/api.w.org\/{rel}","templated":true}]}}