{"id":2912,"date":"2021-06-08T14:32:02","date_gmt":"2021-06-08T12:32:02","guid":{"rendered":"https:\/\/sokpsul.com\/product\/short-denim\/"},"modified":"2022-02-25T17:01:12","modified_gmt":"2022-02-25T16:01:12","slug":"short-denim-customise","status":"publish","type":"product","link":"https:\/\/sokpsul.com\/en\/product\/short-denim-customise\/","title":{"rendered":"Custom denim shorts"},"content":{"rendered":"<p>\ud83c\uddeb\ud83c\uddf7<br \/>\nShort denim frang\u00e9 et customis\u00e9.<br \/>\nChaque short en jean \u00e9tant unique, les shorts re\u00e7us ne correspondront pas \u00e0 ceux des photos.<\/p>\n<p>\ud83c\uddec\ud83c\udde7<br \/>\nFringed and custom denim shorts.<br \/>\nEach pair of denim shorts being unique, the shorts received will not correspond to those shown in the pictures.<\/p>","protected":false},"excerpt":{"rendered":"<p>Short denim frang\u00e9 et customis\u00e9.<br \/>\nChaque short en jean \u00e9tant unique, les shorts re\u00e7us ne correspondront pas \u00e0 ceux des photos.<\/p>","protected":false},"featured_media":104634,"template":"","meta":{"_et_pb_use_builder":"","_et_pb_old_content":"","_et_gb_content_width":""},"product_brand":[],"product_cat":[156,93],"product_tag":[159],"class_list":{"0":"post-2912","1":"product","2":"type-product","3":"status-publish","4":"has-post-thumbnail","6":"product_cat-combinaisons-bas","7":"product_cat-mode-accessoires","8":"product_tag-denim","9":"pa_taille-l","10":"pa_taille-m","11":"pa_taille-s","13":"first","14":"outofstock","15":"taxable","16":"shipping-taxable","17":"purchasable","18":"product-type-variable"},"_links":{"self":[{"href":"https:\/\/sokpsul.com\/en\/wp-json\/wp\/v2\/product\/2912","targetHints":{"allow":["GET"]}}],"collection":[{"href":"https:\/\/sokpsul.com\/en\/wp-json\/wp\/v2\/product"}],"about":[{"href":"https:\/\/sokpsul.com\/en\/wp-json\/wp\/v2\/types\/product"}],"wp:featuredmedia":[{"embeddable":true,"href":"https:\/\/sokpsul.com\/en\/wp-json\/wp\/v2\/media\/104634"}],"wp:attachment":[{"href":"https:\/\/sokpsul.com\/en\/wp-json\/wp\/v2\/media?parent=2912"}],"wp:term":[{"taxonomy":"product_brand","embeddable":true,"href":"https:\/\/sokpsul.com\/en\/wp-json\/wp\/v2\/product_brand?post=2912"},{"taxonomy":"product_cat","embeddable":true,"href":"https:\/\/sokpsul.com\/en\/wp-json\/wp\/v2\/product_cat?post=2912"},{"taxonomy":"product_tag","embeddable":true,"href":"https:\/\/sokpsul.com\/en\/wp-json\/wp\/v2\/product_tag?post=2912"}],"curies":[{"name":"wp","href":"https:\/\/api.w.org\/{rel}","templated":true}]}}