{"id":2867,"date":"2021-06-08T11:53:37","date_gmt":"2021-06-08T09:53:37","guid":{"rendered":"https:\/\/sokpsul.com\/product\/veste-btob\/"},"modified":"2022-10-25T10:21:50","modified_gmt":"2022-10-25T08:21:50","slug":"veste-kaki-custom","status":"publish","type":"product","link":"https:\/\/sokpsul.com\/en\/product\/veste-kaki-custom\/","title":{"rendered":"Jacket Khaki Custom"},"content":{"rendered":"<p>\ud83c\uddeb\ud83c\uddf7<br \/>\nVestes kaki vintage customis\u00e9es. Chaque pi\u00e8ce cr\u00e9\u00e9e raconte sa propre histoire. Traces d\u2019usures, t\u00e2ches et d\u00e9chirures conf\u00e8rent \u00e0 mes vestes un style unique portant les marques du pass\u00e9.<\/p>\n<p>Mes v\u00eatements sont ensuite modernis\u00e9s en France, \u00e0 Marseille. Nous r\u00e9parons les plus ab\u00eem\u00e9es et y ajoutons diverses \u00e9l\u00e9ments afin de faire de ces vestes de v\u00e9ritables accessoires de mode.<\/p>\n<p>\u26a0\ufe0f: For custom jackets the delivery time may be extended.<\/p>\n<p>&nbsp;<\/p>\n<p>\ud83c\uddec\ud83c\udde7<br \/>\nVintage custimized army jackets. Each piece created tells its own story. Traces of wear, stains and tears give my jackets a unique style with the marks of the past.<\/p>\n<p>My clothes are then modernized in France, in Marseille. We repair the most damaged and add various elements to make these jackets real fashion accessories.<\/p>\n<p>\u26a0\ufe0f\u00a0 : For custom jackets the delivery time may be extended.<\/p>\n<p>&nbsp;<\/p>\n<p><img loading=\"lazy\" decoding=\"async\" class=\"alignnone wp-image-104235 size-full\" src=\"https:\/\/sokpsul.com\/wp-content\/uploads\/2021\/06\/fiche-produit-vestes.png\" alt=\"\" width=\"800\" height=\"800\" \/><\/p>\n<p>&nbsp;<\/p>","protected":false},"excerpt":{"rendered":"<p><strong>Veste kaki vintage custimis\u00e9e.<br \/>\n<\/strong><br \/>\nVeste classique style militaire \u00e0 la fois tendance et vintage.<br \/>\nChaque pi\u00e8ce cr\u00e9\u00e9e raconte sa propre histoire. Traces d\u2019usures, t\u00e2ches et d\u00e9chirures conf\u00e8rent \u00e0 mes vestes un style unique portant les marques du pass\u00e9.<\/p>\n<p>\u26a0\ufe0f: As each jacket is unique, the jackets received will not match those in the photos.<br \/>\n\u26a0\ufe0f: For custom jackets the delivery time may be extended.<\/p>\n<p><a href=\"https:\/\/sokpsul.com\/en\/product\/veste-kaki-uni\/\"><strong>D\u00e9couvrez nos vestes kaki uni<\/strong><\/a><\/p>","protected":false},"featured_media":104798,"template":"","meta":{"_et_pb_use_builder":"","_et_pb_old_content":"","_et_gb_content_width":""},"product_brand":[],"product_cat":[93,155],"product_tag":[163],"class_list":{"0":"post-2867","1":"product","2":"type-product","3":"status-publish","4":"has-post-thumbnail","6":"product_cat-mode-accessoires","7":"product_cat-hauts","8":"product_tag-kaki-militaire","9":"pa_taille-l","10":"pa_taille-m","11":"pa_taille-s","13":"first","14":"instock","15":"taxable","16":"shipping-taxable","17":"purchasable","18":"product-type-variable"},"_links":{"self":[{"href":"https:\/\/sokpsul.com\/en\/wp-json\/wp\/v2\/product\/2867","targetHints":{"allow":["GET"]}}],"collection":[{"href":"https:\/\/sokpsul.com\/en\/wp-json\/wp\/v2\/product"}],"about":[{"href":"https:\/\/sokpsul.com\/en\/wp-json\/wp\/v2\/types\/product"}],"wp:featuredmedia":[{"embeddable":true,"href":"https:\/\/sokpsul.com\/en\/wp-json\/wp\/v2\/media\/104798"}],"wp:attachment":[{"href":"https:\/\/sokpsul.com\/en\/wp-json\/wp\/v2\/media?parent=2867"}],"wp:term":[{"taxonomy":"product_brand","embeddable":true,"href":"https:\/\/sokpsul.com\/en\/wp-json\/wp\/v2\/product_brand?post=2867"},{"taxonomy":"product_cat","embeddable":true,"href":"https:\/\/sokpsul.com\/en\/wp-json\/wp\/v2\/product_cat?post=2867"},{"taxonomy":"product_tag","embeddable":true,"href":"https:\/\/sokpsul.com\/en\/wp-json\/wp\/v2\/product_tag?post=2867"}],"curies":[{"name":"wp","href":"https:\/\/api.w.org\/{rel}","templated":true}]}}