{"id":2841,"date":"2021-06-08T10:35:35","date_gmt":"2021-06-08T08:35:35","guid":{"rendered":"https:\/\/sokpsul.com\/product\/tablier-cafe\/"},"modified":"2022-02-25T16:35:15","modified_gmt":"2022-02-25T15:35:15","slug":"tablier-cafe-denim","status":"publish","type":"product","link":"https:\/\/sokpsul.com\/en\/product\/tablier-cafe-denim\/","title":{"rendered":"Apron Caf\u00e9 \u2013 Denim"},"content":{"rendered":"<p>\ud83c\uddeb\ud83c\uddf7<br \/>\nTablier de cuisine Caf\u00e9. Petit tablier en jean brut avec grande poche sur le devant.<br \/>\nLani\u00e8res en cuir v\u00e9g\u00e9tal et jean r\u00e9alis\u00e9 \u00e0 35% \u00e0 partir de mati\u00e8res recycl\u00e9es.<\/p>\n<p>Dimensions : 63cm x 40cm<\/p>\n<p>\ud83c\uddec\ud83c\udde7<br \/>\nKitchen apron, Caf\u00e9 model. Raw denim apron with large pocket on the face.<br \/>\nStraps in vegetable leather and denim fabric made of 35% recycled materials.<\/p>\n<p>Dimensions: 63cm x 40cm<\/p>","protected":false},"excerpt":{"rendered":"<p>Tablier de cuisine Caf\u00e9. Petit tablier en jean brut avec grande poche sur le devant.<br \/>\nLani\u00e8res en cuir v\u00e9g\u00e9tal et jean r\u00e9alis\u00e9 \u00e0 35% \u00e0 partir de mati\u00e8res recycl\u00e9es.<\/p>","protected":false},"featured_media":104633,"template":"","meta":{"_et_pb_use_builder":"","_et_pb_old_content":"","_et_gb_content_width":""},"product_brand":[],"product_cat":[95,152],"product_tag":[159],"class_list":{"0":"post-2841","1":"product","2":"type-product","3":"status-publish","4":"has-post-thumbnail","6":"product_cat-maison","7":"product_cat-tabliers","8":"product_tag-denim","9":"pa_style-brut","10":"pa_style-delave","12":"first","13":"outofstock","14":"taxable","15":"shipping-taxable","16":"purchasable","17":"product-type-simple"},"_links":{"self":[{"href":"https:\/\/sokpsul.com\/en\/wp-json\/wp\/v2\/product\/2841","targetHints":{"allow":["GET"]}}],"collection":[{"href":"https:\/\/sokpsul.com\/en\/wp-json\/wp\/v2\/product"}],"about":[{"href":"https:\/\/sokpsul.com\/en\/wp-json\/wp\/v2\/types\/product"}],"wp:featuredmedia":[{"embeddable":true,"href":"https:\/\/sokpsul.com\/en\/wp-json\/wp\/v2\/media\/104633"}],"wp:attachment":[{"href":"https:\/\/sokpsul.com\/en\/wp-json\/wp\/v2\/media?parent=2841"}],"wp:term":[{"taxonomy":"product_brand","embeddable":true,"href":"https:\/\/sokpsul.com\/en\/wp-json\/wp\/v2\/product_brand?post=2841"},{"taxonomy":"product_cat","embeddable":true,"href":"https:\/\/sokpsul.com\/en\/wp-json\/wp\/v2\/product_cat?post=2841"},{"taxonomy":"product_tag","embeddable":true,"href":"https:\/\/sokpsul.com\/en\/wp-json\/wp\/v2\/product_tag?post=2841"}],"curies":[{"name":"wp","href":"https:\/\/api.w.org\/{rel}","templated":true}]}}