{"id":2833,"date":"2021-06-08T10:28:54","date_gmt":"2021-06-08T08:28:54","guid":{"rendered":"https:\/\/sokpsul.com\/product\/tablier-lux\/"},"modified":"2022-02-25T16:35:54","modified_gmt":"2022-02-25T15:35:54","slug":"tablier-lux-denim","status":"publish","type":"product","link":"https:\/\/sokpsul.com\/en\/product\/tablier-lux-denim\/","title":{"rendered":"Apron Lux \u2013 Denim"},"content":{"rendered":"<p>\ud83c\uddeb\ud83c\uddf7<br \/>\nTablier de cuisine Lux. Tablier en jean, brut ou d\u00e9lav\u00e9, avec petit poche sur le devant.<br \/>\nLani\u00e8res r\u00e9glables en cuir v\u00e9g\u00e9tal et jean r\u00e9alis\u00e9 \u00e0 35% \u00e0 partir de mati\u00e8res recycl\u00e9es.<\/p>\n<p>\ud83c\uddec\ud83c\udde7<br \/>\nKitchen apron, Lux model. Denim apron, raw or washed, with small pocket on the face.<br \/>\nAdjustable straps in vegetable leather and denim fabric made of 35% recycled materials.<\/p>","protected":false},"excerpt":{"rendered":"<p>Tablier de cuisine Lux. Tablier en jean, brut ou d\u00e9lav\u00e9, avec petite poche sur le devant.<br \/>\nLani\u00e8res en cuir v\u00e9g\u00e9tal et jean r\u00e9alis\u00e9 \u00e0 35% \u00e0 partir de mati\u00e8res recycl\u00e9es.<\/p>","protected":false},"featured_media":104632,"template":"","meta":{"_et_pb_use_builder":"","_et_pb_old_content":"","_et_gb_content_width":""},"product_brand":[],"product_cat":[95,152],"product_tag":[],"class_list":{"0":"post-2833","1":"product","2":"type-product","3":"status-publish","4":"has-post-thumbnail","6":"product_cat-maison","7":"product_cat-tabliers","8":"pa_style-brut","9":"pa_style-delave","11":"first","12":"instock","13":"taxable","14":"shipping-taxable","15":"purchasable","16":"product-type-variable"},"_links":{"self":[{"href":"https:\/\/sokpsul.com\/en\/wp-json\/wp\/v2\/product\/2833","targetHints":{"allow":["GET"]}}],"collection":[{"href":"https:\/\/sokpsul.com\/en\/wp-json\/wp\/v2\/product"}],"about":[{"href":"https:\/\/sokpsul.com\/en\/wp-json\/wp\/v2\/types\/product"}],"wp:featuredmedia":[{"embeddable":true,"href":"https:\/\/sokpsul.com\/en\/wp-json\/wp\/v2\/media\/104632"}],"wp:attachment":[{"href":"https:\/\/sokpsul.com\/en\/wp-json\/wp\/v2\/media?parent=2833"}],"wp:term":[{"taxonomy":"product_brand","embeddable":true,"href":"https:\/\/sokpsul.com\/en\/wp-json\/wp\/v2\/product_brand?post=2833"},{"taxonomy":"product_cat","embeddable":true,"href":"https:\/\/sokpsul.com\/en\/wp-json\/wp\/v2\/product_cat?post=2833"},{"taxonomy":"product_tag","embeddable":true,"href":"https:\/\/sokpsul.com\/en\/wp-json\/wp\/v2\/product_tag?post=2833"}],"curies":[{"name":"wp","href":"https:\/\/api.w.org\/{rel}","templated":true}]}}