{"id":2812,"date":"2021-06-08T09:10:31","date_gmt":"2021-06-08T07:10:31","guid":{"rendered":"https:\/\/sokpsul.com\/product\/nappe\/"},"modified":"2022-03-15T08:58:46","modified_gmt":"2022-03-15T07:58:46","slug":"nappe-en-denim","status":"publish","type":"product","link":"https:\/\/sokpsul.com\/en\/product\/nappe-en-denim\/","title":{"rendered":"Denim Tablecloth"},"content":{"rendered":"<p>\ud83c\uddeb\ud83c\uddf7<br \/>\nNappe en jean pour recevoir avec style.<br \/>\nCette nappe existe en deux versions : jean brut ou jean d\u00e9lav\u00e9.<\/p>\n<p>Dimensions : 210cm x 145cm ou 320cm x 145cm<\/p>\n<p>\ud83c\uddec\ud83c\udde7<br \/>\nDenim tablecloth for hosting with style.<br \/>\nThis tablecloth is available in two versions: raw denim or washed denim.<\/p>\n<p>Dimensions: 210cm x 145cm or 320cm x 145cm<\/p>","protected":false},"excerpt":{"rendered":"<p>Nappe en jean pour recevoir avec style. Cette nappe r\u00e9alis\u00e9e en denim brut ou d\u00e9lav\u00e9 est disponible en deux dimensions : 210cm x 145cm ou 320cm x 145cm.<\/p>","protected":false},"featured_media":102819,"template":"","meta":{"_et_pb_use_builder":"","_et_pb_old_content":"","_et_gb_content_width":""},"product_brand":[],"product_cat":[95,154],"product_tag":[159],"class_list":{"0":"post-2812","1":"product","2":"type-product","3":"status-publish","4":"has-post-thumbnail","6":"product_cat-maison","7":"product_cat-nappes","8":"product_tag-denim","9":"pa_style-brut","10":"pa_style-delave","11":"pa_taille-210x145cm","12":"pa_taille-320x145cm","14":"first","15":"instock","16":"taxable","17":"shipping-taxable","18":"purchasable","19":"product-type-variable"},"_links":{"self":[{"href":"https:\/\/sokpsul.com\/en\/wp-json\/wp\/v2\/product\/2812","targetHints":{"allow":["GET"]}}],"collection":[{"href":"https:\/\/sokpsul.com\/en\/wp-json\/wp\/v2\/product"}],"about":[{"href":"https:\/\/sokpsul.com\/en\/wp-json\/wp\/v2\/types\/product"}],"wp:featuredmedia":[{"embeddable":true,"href":"https:\/\/sokpsul.com\/en\/wp-json\/wp\/v2\/media\/102819"}],"wp:attachment":[{"href":"https:\/\/sokpsul.com\/en\/wp-json\/wp\/v2\/media?parent=2812"}],"wp:term":[{"taxonomy":"product_brand","embeddable":true,"href":"https:\/\/sokpsul.com\/en\/wp-json\/wp\/v2\/product_brand?post=2812"},{"taxonomy":"product_cat","embeddable":true,"href":"https:\/\/sokpsul.com\/en\/wp-json\/wp\/v2\/product_cat?post=2812"},{"taxonomy":"product_tag","embeddable":true,"href":"https:\/\/sokpsul.com\/en\/wp-json\/wp\/v2\/product_tag?post=2812"}],"curies":[{"name":"wp","href":"https:\/\/api.w.org\/{rel}","templated":true}]}}