{"id":2786,"date":"2021-06-07T14:49:13","date_gmt":"2021-06-07T12:49:13","guid":{"rendered":"https:\/\/sokpsul.com\/product\/grand-sac-en-serpilliere-recyclee-usa\/"},"modified":"2025-10-14T08:08:28","modified_gmt":"2025-10-14T06:08:28","slug":"usa-grand-sac-en-serpilliere-recyclee","status":"publish","type":"product","link":"https:\/\/sokpsul.com\/en\/product\/usa-grand-sac-en-serpilliere-recyclee\/","title":{"rendered":"USA \u2013 Large bag made of recycled mop"},"content":{"rendered":"<p>\ud83c\uddeb\ud83c\uddf7<br \/>\nSac XXL USA, confectionn\u00e9 en serpilli\u00e8re recycl\u00e9e.<br \/>\nImagin\u00e9 lors de mes voyages \u00e0 travers le monde et pens\u00e9 \u00e0 Marseille, France.<\/p>\n<p>Dimensions (hors anses) : L 75cm x H 54cm<\/p>\n<p>\ud83c\uddec\ud83c\udde7<br \/>\nXXL USA bag, made from recycled mop.<br \/>\nImagined during my travels around the world and thought in Marseille, France.<\/p>\n<p>Dimensions (excluding handles): L 75cm x H 54cm \/ 29,5in x 21in<\/p>\n<p><img loading=\"lazy\" decoding=\"async\" class=\"alignnone wp-image-103897 size-full\" src=\"https:\/\/sokpsul.com\/wp-content\/uploads\/2021\/06\/fiche-produit-SAC-SERPILLIE\u0300RE.png\" alt=\"\" width=\"800\" height=\"800\" \/><\/p>\n<p>&nbsp;<\/p>","protected":false},"excerpt":{"rendered":"<p>Sac XXL USA, confectionn\u00e9 en serpilli\u00e8re recycl\u00e9e.<br \/>\nImagin\u00e9 lors de mes voyages \u00e0 travers le monde et pens\u00e9 \u00e0 Marseille, France.<\/p>","protected":false},"featured_media":102938,"template":"","meta":{"_et_pb_use_builder":"","_et_pb_old_content":"","_et_gb_content_width":""},"product_brand":[],"product_cat":[150,94],"product_tag":[161],"class_list":{"0":"post-2786","1":"product","2":"type-product","3":"status-publish","4":"has-post-thumbnail","6":"product_cat-sacs","7":"product_cat-sacs-pochettes","8":"product_tag-serpilliere-recyclee","9":"pa_couleur-bordeaux","10":"pa_couleur-red","11":"pa_couleur-white","13":"first","14":"instock","15":"taxable","16":"shipping-taxable","17":"purchasable","18":"product-type-variable"},"_links":{"self":[{"href":"https:\/\/sokpsul.com\/en\/wp-json\/wp\/v2\/product\/2786","targetHints":{"allow":["GET"]}}],"collection":[{"href":"https:\/\/sokpsul.com\/en\/wp-json\/wp\/v2\/product"}],"about":[{"href":"https:\/\/sokpsul.com\/en\/wp-json\/wp\/v2\/types\/product"}],"wp:featuredmedia":[{"embeddable":true,"href":"https:\/\/sokpsul.com\/en\/wp-json\/wp\/v2\/media\/102938"}],"wp:attachment":[{"href":"https:\/\/sokpsul.com\/en\/wp-json\/wp\/v2\/media?parent=2786"}],"wp:term":[{"taxonomy":"product_brand","embeddable":true,"href":"https:\/\/sokpsul.com\/en\/wp-json\/wp\/v2\/product_brand?post=2786"},{"taxonomy":"product_cat","embeddable":true,"href":"https:\/\/sokpsul.com\/en\/wp-json\/wp\/v2\/product_cat?post=2786"},{"taxonomy":"product_tag","embeddable":true,"href":"https:\/\/sokpsul.com\/en\/wp-json\/wp\/v2\/product_tag?post=2786"}],"curies":[{"name":"wp","href":"https:\/\/api.w.org\/{rel}","templated":true}]}}