{"id":2754,"date":"2021-06-07T13:45:25","date_gmt":"2021-06-07T11:45:25","guid":{"rendered":"https:\/\/sokpsul.com\/product\/maurice\/"},"modified":"2022-07-08T11:50:20","modified_gmt":"2022-07-08T09:50:20","slug":"maurice-pochette-en-serpilliere-recyclee","status":"publish","type":"product","link":"https:\/\/sokpsul.com\/en\/product\/maurice-pochette-en-serpilliere-recyclee\/","title":{"rendered":"Maurice - Recycled mop pouch"},"content":{"rendered":"<p>\ud83c\uddeb\ud83c\uddf7<br \/>\nPetite pochette rigide, mod\u00e8le Maurice, con\u00e7ue avec de la serpilli\u00e8re recycl\u00e9e. Pochette avec rabat et cordon en cuir v\u00e9g\u00e9tal.<\/p>\n<p>Dimensions : L 32cm x H 17cm<\/p>\n<p>\ud83c\uddec\ud83c\udde7<br \/>\nSmall pouch, Maurice model, made with recycled mop. Pouch with flap and vegetable leather cord.<\/p>\n<p>Dimensions: L 32cm x H 17cm \/ 12,6in x 6,7in<\/p>\n<p><img loading=\"lazy\" decoding=\"async\" class=\"alignnone wp-image-103896\" src=\"https:\/\/sokpsul.com\/wp-content\/uploads\/2021\/07\/fiche-produit-pochette-serpillie\u0300res-300x300.png\" alt=\"\" width=\"500\" height=\"500\" \/><\/p>\n<p>&nbsp;<\/p>","protected":false},"excerpt":{"rendered":"<p>Petite pochette rigide, mod\u00e8le Maurice, con\u00e7ue avec de la serpilli\u00e8re recycl\u00e9e. Pochette avec rabat et cordon en cuir v\u00e9g\u00e9tal.<\/p>","protected":false},"featured_media":102804,"template":"","meta":{"_et_pb_use_builder":"","_et_pb_old_content":"","_et_gb_content_width":""},"product_brand":[],"product_cat":[151,94],"product_tag":[161],"class_list":{"0":"post-2754","1":"product","2":"type-product","3":"status-publish","4":"has-post-thumbnail","6":"product_cat-pochettes","7":"product_cat-sacs-pochettes","8":"product_tag-serpilliere-recyclee","9":"pa_couleur-gris","10":"pa_couleur-red","12":"first","13":"instock","14":"taxable","15":"shipping-taxable","16":"purchasable","17":"product-type-variable"},"_links":{"self":[{"href":"https:\/\/sokpsul.com\/en\/wp-json\/wp\/v2\/product\/2754","targetHints":{"allow":["GET"]}}],"collection":[{"href":"https:\/\/sokpsul.com\/en\/wp-json\/wp\/v2\/product"}],"about":[{"href":"https:\/\/sokpsul.com\/en\/wp-json\/wp\/v2\/types\/product"}],"wp:featuredmedia":[{"embeddable":true,"href":"https:\/\/sokpsul.com\/en\/wp-json\/wp\/v2\/media\/102804"}],"wp:attachment":[{"href":"https:\/\/sokpsul.com\/en\/wp-json\/wp\/v2\/media?parent=2754"}],"wp:term":[{"taxonomy":"product_brand","embeddable":true,"href":"https:\/\/sokpsul.com\/en\/wp-json\/wp\/v2\/product_brand?post=2754"},{"taxonomy":"product_cat","embeddable":true,"href":"https:\/\/sokpsul.com\/en\/wp-json\/wp\/v2\/product_cat?post=2754"},{"taxonomy":"product_tag","embeddable":true,"href":"https:\/\/sokpsul.com\/en\/wp-json\/wp\/v2\/product_tag?post=2754"}],"curies":[{"name":"wp","href":"https:\/\/api.w.org\/{rel}","templated":true}]}}