{"id":2732,"date":"2021-06-07T13:04:13","date_gmt":"2021-06-07T11:04:13","guid":{"rendered":"https:\/\/sokpsul.com\/product\/ibiza\/"},"modified":"2022-08-26T13:29:23","modified_gmt":"2022-08-26T11:29:23","slug":"ibiza-pochette-en-serpilliere-recyclee","status":"publish","type":"product","link":"https:\/\/sokpsul.com\/en\/product\/ibiza-pochette-en-serpilliere-recyclee\/","title":{"rendered":"Ibiza - Recycled mop pouch"},"content":{"rendered":"<p>\ud83c\uddeb\ud83c\uddf7<br \/>\nPetite pochette, mod\u00e8le Ibiza con\u00e7ue avec de la serpilli\u00e8re recycl\u00e9e.<\/p>\n<p>Dimensions : L 20cm x H 23cm<\/p>\n<p>\ud83c\uddec\ud83c\udde7<br \/>\nSmall pouch, model Ibiza, made with embossed mop.<\/p>\n<p>Dimensions: L 20cm x H 23cm \/ 7,8in x 9in<\/p>\n<p><img loading=\"lazy\" decoding=\"async\" class=\"alignnone wp-image-103896 size-full\" src=\"https:\/\/sokpsul.com\/wp-content\/uploads\/2021\/07\/fiche-produit-pochette-serpillie\u0300res.png\" alt=\"\" width=\"800\" height=\"800\" \/><\/p>","protected":false},"excerpt":{"rendered":"<p>Petite pochette, mod\u00e8le Ibiza con\u00e7ue avec de la serpilli\u00e8re recycl\u00e9e.<\/p>","protected":false},"featured_media":102917,"template":"","meta":{"_et_pb_use_builder":"","_et_pb_old_content":"","_et_gb_content_width":""},"product_brand":[],"product_cat":[151,94],"product_tag":[161],"class_list":{"0":"post-2732","1":"product","2":"type-product","3":"status-publish","4":"has-post-thumbnail","6":"product_cat-pochettes","7":"product_cat-sacs-pochettes","8":"product_tag-serpilliere-recyclee","9":"pa_couleur-indigo-bleu","10":"pa_couleur-kaki","11":"pa_couleur-noir","12":"pa_couleur-white","14":"first","15":"instock","16":"taxable","17":"shipping-taxable","18":"purchasable","19":"product-type-variable"},"_links":{"self":[{"href":"https:\/\/sokpsul.com\/en\/wp-json\/wp\/v2\/product\/2732","targetHints":{"allow":["GET"]}}],"collection":[{"href":"https:\/\/sokpsul.com\/en\/wp-json\/wp\/v2\/product"}],"about":[{"href":"https:\/\/sokpsul.com\/en\/wp-json\/wp\/v2\/types\/product"}],"wp:featuredmedia":[{"embeddable":true,"href":"https:\/\/sokpsul.com\/en\/wp-json\/wp\/v2\/media\/102917"}],"wp:attachment":[{"href":"https:\/\/sokpsul.com\/en\/wp-json\/wp\/v2\/media?parent=2732"}],"wp:term":[{"taxonomy":"product_brand","embeddable":true,"href":"https:\/\/sokpsul.com\/en\/wp-json\/wp\/v2\/product_brand?post=2732"},{"taxonomy":"product_cat","embeddable":true,"href":"https:\/\/sokpsul.com\/en\/wp-json\/wp\/v2\/product_cat?post=2732"},{"taxonomy":"product_tag","embeddable":true,"href":"https:\/\/sokpsul.com\/en\/wp-json\/wp\/v2\/product_tag?post=2732"}],"curies":[{"name":"wp","href":"https:\/\/api.w.org\/{rel}","templated":true}]}}