{"id":2708,"date":"2021-06-07T12:03:14","date_gmt":"2021-06-07T10:03:14","guid":{"rendered":"https:\/\/sokpsul.com\/product\/grece\/"},"modified":"2022-07-08T11:53:01","modified_gmt":"2022-07-08T09:53:01","slug":"grece-sac-en-serpilliere-recyclee","status":"publish","type":"product","link":"https:\/\/sokpsul.com\/en\/product\/grece-sac-en-serpilliere-recyclee\/","title":{"rendered":"Gr\u00e8ce - Bag made of recycled mop"},"content":{"rendered":"<p>\ud83c\uddeb\ud83c\uddf7<br \/>\nSac mod\u00e8le Gr\u00e8ce confectionn\u00e9 en serpilli\u00e8re recycl\u00e9e.<br \/>\nImagin\u00e9 lors de mes voyages \u00e0 travers le monde et pens\u00e9 \u00e0 Marseille, France.<\/p>\n<p>Dimensions (hors anses) : L 30cm x H 38cm<\/p>\n<p>\ud83c\uddec\ud83c\udde7<br \/>\nHandbag Gr\u00e8ce, bag made from recycled mop.<br \/>\nImagined during my travels around the world and thought in Marseille, France.<\/p>\n<p>Dimensions (excluding handles): L 30cm x H 38cm \/ 11,8in x 15in<\/p>\n<p><img loading=\"lazy\" decoding=\"async\" class=\"alignnone wp-image-103897 size-full\" src=\"https:\/\/sokpsul.com\/wp-content\/uploads\/2021\/06\/fiche-produit-SAC-SERPILLIE\u0300RE.png\" alt=\"\" width=\"800\" height=\"800\" \/><\/p>\n<p>&nbsp;<\/p>","protected":false},"excerpt":{"rendered":"<p>Sac mod\u00e8le Gr\u00e8ce confectionn\u00e9 en serpilli\u00e8re recycl\u00e9e.<\/p>","protected":false},"featured_media":103908,"template":"","meta":{"_et_pb_use_builder":"","_et_pb_old_content":"","_et_gb_content_width":""},"product_brand":[],"product_cat":[150,94],"product_tag":[161],"class_list":{"0":"post-2708","1":"product","2":"type-product","3":"status-publish","4":"has-post-thumbnail","6":"product_cat-sacs","7":"product_cat-sacs-pochettes","8":"product_tag-serpilliere-recyclee","9":"pa_couleur-bordeaux","10":"pa_couleur-rouille","11":"pa_couleur-white","12":"pa_couleur-yellow","14":"first","15":"instock","16":"taxable","17":"shipping-taxable","18":"purchasable","19":"product-type-variable"},"_links":{"self":[{"href":"https:\/\/sokpsul.com\/en\/wp-json\/wp\/v2\/product\/2708","targetHints":{"allow":["GET"]}}],"collection":[{"href":"https:\/\/sokpsul.com\/en\/wp-json\/wp\/v2\/product"}],"about":[{"href":"https:\/\/sokpsul.com\/en\/wp-json\/wp\/v2\/types\/product"}],"wp:featuredmedia":[{"embeddable":true,"href":"https:\/\/sokpsul.com\/en\/wp-json\/wp\/v2\/media\/103908"}],"wp:attachment":[{"href":"https:\/\/sokpsul.com\/en\/wp-json\/wp\/v2\/media?parent=2708"}],"wp:term":[{"taxonomy":"product_brand","embeddable":true,"href":"https:\/\/sokpsul.com\/en\/wp-json\/wp\/v2\/product_brand?post=2708"},{"taxonomy":"product_cat","embeddable":true,"href":"https:\/\/sokpsul.com\/en\/wp-json\/wp\/v2\/product_cat?post=2708"},{"taxonomy":"product_tag","embeddable":true,"href":"https:\/\/sokpsul.com\/en\/wp-json\/wp\/v2\/product_tag?post=2708"}],"curies":[{"name":"wp","href":"https:\/\/api.w.org\/{rel}","templated":true}]}}