{"id":2686,"date":"2021-06-07T11:02:48","date_gmt":"2021-06-07T09:02:48","guid":{"rendered":"https:\/\/sokpsul.com\/product\/corse\/"},"modified":"2022-07-08T11:59:40","modified_gmt":"2022-07-08T09:59:40","slug":"corsica-pochette-serpilliere-gaufree","status":"publish","type":"product","link":"https:\/\/sokpsul.com\/en\/product\/corsica-pochette-serpilliere-gaufree\/","title":{"rendered":"Corsica \u2013 Embossed mop pouch"},"content":{"rendered":"<p>\ud83c\uddeb\ud83c\uddf7<br \/>\nPetite pochette, mod\u00e8le Corsica con\u00e7ue avec de la serpilli\u00e8re gaufr\u00e9e.<\/p>\n<p>Dimensions : L 20cm x H 23cm<\/p>\n<p>\ud83c\uddec\ud83c\udde7<br \/>\nSmall pouch, model Corsica, made with embossed mop.<\/p>\n<p>Dimensions: L 20cm x H 23cm \/ 7,87in x 9in<\/p>\n<p><img loading=\"lazy\" decoding=\"async\" class=\"alignnone wp-image-103896 size-full\" src=\"https:\/\/sokpsul.com\/wp-content\/uploads\/2021\/07\/fiche-produit-pochette-serpillie\u0300res.png\" alt=\"\" width=\"800\" height=\"800\" \/><\/p>\n<p>&nbsp;<\/p>","protected":false},"excerpt":{"rendered":"<p>Petite pochette, mod\u00e8le Corsica con\u00e7ue avec de la serpilli\u00e8re gaufr\u00e9e.<\/p>","protected":false},"featured_media":103903,"template":"","meta":{"_et_pb_use_builder":"","_et_pb_old_content":"","_et_gb_content_width":""},"product_brand":[],"product_cat":[151,94],"product_tag":[161],"class_list":{"0":"post-2686","1":"product","2":"type-product","3":"status-publish","4":"has-post-thumbnail","6":"product_cat-pochettes","7":"product_cat-sacs-pochettes","8":"product_tag-serpilliere-recyclee","9":"pa_couleur-bleu-blanc-rouge","10":"pa_couleur-noir","12":"first","13":"outofstock","14":"taxable","15":"shipping-taxable","16":"purchasable","17":"product-type-simple"},"_links":{"self":[{"href":"https:\/\/sokpsul.com\/en\/wp-json\/wp\/v2\/product\/2686","targetHints":{"allow":["GET"]}}],"collection":[{"href":"https:\/\/sokpsul.com\/en\/wp-json\/wp\/v2\/product"}],"about":[{"href":"https:\/\/sokpsul.com\/en\/wp-json\/wp\/v2\/types\/product"}],"wp:featuredmedia":[{"embeddable":true,"href":"https:\/\/sokpsul.com\/en\/wp-json\/wp\/v2\/media\/103903"}],"wp:attachment":[{"href":"https:\/\/sokpsul.com\/en\/wp-json\/wp\/v2\/media?parent=2686"}],"wp:term":[{"taxonomy":"product_brand","embeddable":true,"href":"https:\/\/sokpsul.com\/en\/wp-json\/wp\/v2\/product_brand?post=2686"},{"taxonomy":"product_cat","embeddable":true,"href":"https:\/\/sokpsul.com\/en\/wp-json\/wp\/v2\/product_cat?post=2686"},{"taxonomy":"product_tag","embeddable":true,"href":"https:\/\/sokpsul.com\/en\/wp-json\/wp\/v2\/product_tag?post=2686"}],"curies":[{"name":"wp","href":"https:\/\/api.w.org\/{rel}","templated":true}]}}