{"id":2665,"date":"2021-06-07T10:21:44","date_gmt":"2021-06-07T08:21:44","guid":{"rendered":"https:\/\/sokpsul.com\/product\/espagne\/"},"modified":"2025-12-13T13:28:08","modified_gmt":"2025-12-13T12:28:08","slug":"espagne-sac-en-serpilliere-gaufree","status":"publish","type":"product","link":"https:\/\/sokpsul.com\/en\/product\/espagne-sac-en-serpilliere-gaufree\/","title":{"rendered":"Espagne - Embossed mop bag"},"content":{"rendered":"<p>\ud83c\uddeb\ud83c\uddf7<br \/>\nSac Espagne rond, r\u00e9alis\u00e9 \u00e0 partir de serpilli\u00e8re gaufr\u00e9e recycl\u00e9e.<br \/>\nImagin\u00e9 lors de mes voyages \u00e0 travers le monde et pens\u00e9 \u00e0 Marseille, France.<\/p>\n<p>Dimensions (hors anses) : L 30cm x H 38cm<\/p>\n<p>\ud83c\uddec\ud83c\udde7<br \/>\nRound handbag Espagne, made from recycled embossed mop.<br \/>\nImagined during my travels around the world and thought in Marseille, France.<\/p>\n<p>Dimensions (excluding handles): L 30cm x H 38cm \/ 11,8in x 15in<\/p>\n<p>&nbsp;<\/p>\n<p><img loading=\"lazy\" decoding=\"async\" class=\"alignnone wp-image-103897\" src=\"https:\/\/sokpsul.com\/wp-content\/uploads\/2021\/06\/fiche-produit-SAC-SERPILLIE\u0300RE-300x300.png\" alt=\"\" width=\"500\" height=\"500\" \/><\/p>","protected":false},"excerpt":{"rendered":"<p>Sac Espagne rond, r\u00e9alis\u00e9 \u00e0 partir de serpilli\u00e8re gaufr\u00e9e recycl\u00e9e.<\/p>","protected":false},"featured_media":102896,"template":"","meta":{"_et_pb_use_builder":"","_et_pb_old_content":"","_et_gb_content_width":""},"product_brand":[],"product_cat":[150,94],"product_tag":[161],"class_list":{"0":"post-2665","1":"product","2":"type-product","3":"status-publish","4":"has-post-thumbnail","6":"product_cat-sacs","7":"product_cat-sacs-pochettes","8":"product_tag-serpilliere-recyclee","9":"pa_couleur-bleu-blanc-rouge","10":"pa_couleur-kaki","11":"pa_couleur-noir","12":"pa_couleur-white","13":"pa_couleur-yellow","15":"first","16":"instock","17":"taxable","18":"shipping-taxable","19":"purchasable","20":"product-type-variable"},"_links":{"self":[{"href":"https:\/\/sokpsul.com\/en\/wp-json\/wp\/v2\/product\/2665","targetHints":{"allow":["GET"]}}],"collection":[{"href":"https:\/\/sokpsul.com\/en\/wp-json\/wp\/v2\/product"}],"about":[{"href":"https:\/\/sokpsul.com\/en\/wp-json\/wp\/v2\/types\/product"}],"wp:featuredmedia":[{"embeddable":true,"href":"https:\/\/sokpsul.com\/en\/wp-json\/wp\/v2\/media\/102896"}],"wp:attachment":[{"href":"https:\/\/sokpsul.com\/en\/wp-json\/wp\/v2\/media?parent=2665"}],"wp:term":[{"taxonomy":"product_brand","embeddable":true,"href":"https:\/\/sokpsul.com\/en\/wp-json\/wp\/v2\/product_brand?post=2665"},{"taxonomy":"product_cat","embeddable":true,"href":"https:\/\/sokpsul.com\/en\/wp-json\/wp\/v2\/product_cat?post=2665"},{"taxonomy":"product_tag","embeddable":true,"href":"https:\/\/sokpsul.com\/en\/wp-json\/wp\/v2\/product_tag?post=2665"}],"curies":[{"name":"wp","href":"https:\/\/api.w.org\/{rel}","templated":true}]}}