{"id":2661,"date":"2021-06-07T10:18:59","date_gmt":"2021-06-07T08:18:59","guid":{"rendered":"https:\/\/sokpsul.com\/product\/coussin-de-meditation\/"},"modified":"2022-02-18T12:46:42","modified_gmt":"2022-02-18T11:46:42","slug":"coussin-de-meditation","status":"publish","type":"product","link":"https:\/\/sokpsul.com\/en\/product\/coussin-de-meditation\/","title":{"rendered":"Meditation cushion"},"content":{"rendered":"<p>\ud83c\uddeb\ud83c\uddf7<br \/>\nCoussin de m\u00e9ditation id\u00e9al pour pour se d\u00e9tendre.<br \/>\nLa pratique de la m\u00e9ditation n\u00e9cessite d\u2019\u00eatre bien install\u00e9 afin de pouvoir se concentrer et l\u00e2cher prise.<\/p>\n<p>Diam\u00e8tre 40cm, Hauteur 15cm<\/p>\n<p>\ud83c\uddec\ud83c\udde7<br \/>\nMeditation cushion ideal for relaxation. <\/p>\n<p>Diameter 40cm, Height 15cm<\/p>","protected":false},"excerpt":{"rendered":"<p>\ud83c\uddeb\ud83c\uddf7 Coussin de m\u00e9ditation id\u00e9al pour pour se d\u00e9tendre. La pratique de la m\u00e9ditation n\u00e9cessite d\u2019\u00eatre bien install\u00e9 afin de pouvoir se concentrer et l\u00e2cher prise. Diam\u00e8tre 40cm, Hauteur 15cm \ud83c\uddec\ud83c\udde7 Meditation cushion ideal for relaxation. Diameter 40cm, Height 15cm<\/p>","protected":false},"featured_media":102783,"template":"","meta":{"_et_pb_use_builder":"","_et_pb_old_content":"","_et_gb_content_width":""},"product_brand":[],"product_cat":[165,95],"product_tag":[],"class_list":{"0":"post-2661","1":"product","2":"type-product","3":"status-publish","4":"has-post-thumbnail","6":"product_cat-coussins-de-meditation","7":"product_cat-maison","9":"first","10":"instock","11":"taxable","12":"shipping-taxable","13":"purchasable","14":"product-type-simple"},"_links":{"self":[{"href":"https:\/\/sokpsul.com\/en\/wp-json\/wp\/v2\/product\/2661","targetHints":{"allow":["GET"]}}],"collection":[{"href":"https:\/\/sokpsul.com\/en\/wp-json\/wp\/v2\/product"}],"about":[{"href":"https:\/\/sokpsul.com\/en\/wp-json\/wp\/v2\/types\/product"}],"wp:featuredmedia":[{"embeddable":true,"href":"https:\/\/sokpsul.com\/en\/wp-json\/wp\/v2\/media\/102783"}],"wp:attachment":[{"href":"https:\/\/sokpsul.com\/en\/wp-json\/wp\/v2\/media?parent=2661"}],"wp:term":[{"taxonomy":"product_brand","embeddable":true,"href":"https:\/\/sokpsul.com\/en\/wp-json\/wp\/v2\/product_brand?post=2661"},{"taxonomy":"product_cat","embeddable":true,"href":"https:\/\/sokpsul.com\/en\/wp-json\/wp\/v2\/product_cat?post=2661"},{"taxonomy":"product_tag","embeddable":true,"href":"https:\/\/sokpsul.com\/en\/wp-json\/wp\/v2\/product_tag?post=2661"}],"curies":[{"name":"wp","href":"https:\/\/api.w.org\/{rel}","templated":true}]}}