{"id":2651,"date":"2021-06-07T10:02:53","date_gmt":"2021-06-07T08:02:53","guid":{"rendered":"https:\/\/sokpsul.com\/product\/formentera\/"},"modified":"2022-09-21T08:14:36","modified_gmt":"2022-09-21T06:14:36","slug":"formentera-pochette-en-serpilliere-gaufree","status":"publish","type":"product","link":"https:\/\/sokpsul.com\/en\/product\/formentera-pochette-en-serpilliere-gaufree\/","title":{"rendered":"Formentera \u2013 Embossed mop pouch"},"content":{"rendered":"<p>\ud83c\uddeb\ud83c\uddf7<br \/>\nPetite pochette, mod\u00e8le Formentera con\u00e7ue avec de la serpilli\u00e8re gaufr\u00e9e.<br \/>\nDimensions : L 20cm x H 23cm<\/p>\n<p>\ud83c\uddec\ud83c\udde7<br \/>\nSmall pouch, model Formentera, made with embossed mop.<br \/>\nDimensions: L 20cm x H 23cm \/ 7,9in x 9in<\/p>\n<p><img loading=\"lazy\" decoding=\"async\" class=\"alignnone wp-image-103896 size-full\" src=\"https:\/\/sokpsul.com\/wp-content\/uploads\/2021\/07\/fiche-produit-pochette-serpillie\u0300res.png\" alt=\"\" width=\"800\" height=\"800\" \/><\/p>","protected":false},"excerpt":{"rendered":"<p>Petite pochette, mod\u00e8le Formentera con\u00e7ue avec de la serpilli\u00e8re gaufr\u00e9e.<\/p>","protected":false},"featured_media":102781,"template":"","meta":{"_et_pb_use_builder":"","_et_pb_old_content":"","_et_gb_content_width":""},"product_brand":[],"product_cat":[151,94],"product_tag":[161],"class_list":{"0":"post-2651","1":"product","2":"type-product","3":"status-publish","4":"has-post-thumbnail","6":"product_cat-pochettes","7":"product_cat-sacs-pochettes","8":"product_tag-serpilliere-recyclee","9":"pa_couleur-noir","10":"pa_couleur-white","12":"first","13":"instock","14":"taxable","15":"shipping-taxable","16":"purchasable","17":"product-type-variable"},"_links":{"self":[{"href":"https:\/\/sokpsul.com\/en\/wp-json\/wp\/v2\/product\/2651","targetHints":{"allow":["GET"]}}],"collection":[{"href":"https:\/\/sokpsul.com\/en\/wp-json\/wp\/v2\/product"}],"about":[{"href":"https:\/\/sokpsul.com\/en\/wp-json\/wp\/v2\/types\/product"}],"wp:featuredmedia":[{"embeddable":true,"href":"https:\/\/sokpsul.com\/en\/wp-json\/wp\/v2\/media\/102781"}],"wp:attachment":[{"href":"https:\/\/sokpsul.com\/en\/wp-json\/wp\/v2\/media?parent=2651"}],"wp:term":[{"taxonomy":"product_brand","embeddable":true,"href":"https:\/\/sokpsul.com\/en\/wp-json\/wp\/v2\/product_brand?post=2651"},{"taxonomy":"product_cat","embeddable":true,"href":"https:\/\/sokpsul.com\/en\/wp-json\/wp\/v2\/product_cat?post=2651"},{"taxonomy":"product_tag","embeddable":true,"href":"https:\/\/sokpsul.com\/en\/wp-json\/wp\/v2\/product_tag?post=2651"}],"curies":[{"name":"wp","href":"https:\/\/api.w.org\/{rel}","templated":true}]}}