{"id":2641,"date":"2021-06-07T09:54:44","date_gmt":"2021-06-07T07:54:44","guid":{"rendered":"https:\/\/sokpsul.com\/product\/chili\/"},"modified":"2022-07-08T12:03:40","modified_gmt":"2022-07-08T10:03:40","slug":"chili-pochette-en-serpilliere-recyclee","status":"publish","type":"product","link":"https:\/\/sokpsul.com\/en\/product\/chili-pochette-en-serpilliere-recyclee\/","title":{"rendered":"Chili \u2013 Recycled mop pouch"},"content":{"rendered":"<p>\ud83c\uddeb\ud83c\uddf7<br \/>\nPochette Chili r\u00e9alis\u00e9e \u00e0 partir de serpilli\u00e8re recycl\u00e9e. Grande pochette zipp\u00e9e, id\u00e9ale pour y ranger un ordinateur portable.<\/p>\n<p>Dimensions : L 26cm x H 38cm<\/p>\n<p>\ud83c\uddec\ud83c\udde7<br \/>\nChili pouch made from recycled mop. Large pouch, ideal for storing a laptop.<\/p>\n<p>Dimensions: L 26cm x H 38cm \/ 10,3in x 15in<\/p>\n<p><img loading=\"lazy\" decoding=\"async\" class=\"alignnone wp-image-103896\" src=\"https:\/\/sokpsul.com\/wp-content\/uploads\/2021\/07\/fiche-produit-pochette-serpillie\u0300res-300x300.png\" alt=\"\" width=\"500\" height=\"500\" \/><\/p>","protected":false},"excerpt":{"rendered":"<p>Pochette Chili r\u00e9alis\u00e9e \u00e0 partir de serpilli\u00e8re recycl\u00e9e. Grande pochette zipp\u00e9e, id\u00e9ale pour y ranger un ordinateur portable.<\/p>","protected":false},"featured_media":102778,"template":"","meta":{"_et_pb_use_builder":"","_et_pb_old_content":"","_et_gb_content_width":""},"product_brand":[],"product_cat":[151,94],"product_tag":[161],"class_list":{"0":"post-2641","1":"product","2":"type-product","3":"status-publish","4":"has-post-thumbnail","6":"product_cat-pochettes","7":"product_cat-sacs-pochettes","8":"product_tag-serpilliere-recyclee","9":"pa_couleur-kaki","10":"pa_couleur-navy","11":"pa_couleur-red","13":"first","14":"instock","15":"taxable","16":"shipping-taxable","17":"purchasable","18":"product-type-variable"},"_links":{"self":[{"href":"https:\/\/sokpsul.com\/en\/wp-json\/wp\/v2\/product\/2641","targetHints":{"allow":["GET"]}}],"collection":[{"href":"https:\/\/sokpsul.com\/en\/wp-json\/wp\/v2\/product"}],"about":[{"href":"https:\/\/sokpsul.com\/en\/wp-json\/wp\/v2\/types\/product"}],"wp:featuredmedia":[{"embeddable":true,"href":"https:\/\/sokpsul.com\/en\/wp-json\/wp\/v2\/media\/102778"}],"wp:attachment":[{"href":"https:\/\/sokpsul.com\/en\/wp-json\/wp\/v2\/media?parent=2641"}],"wp:term":[{"taxonomy":"product_brand","embeddable":true,"href":"https:\/\/sokpsul.com\/en\/wp-json\/wp\/v2\/product_brand?post=2641"},{"taxonomy":"product_cat","embeddable":true,"href":"https:\/\/sokpsul.com\/en\/wp-json\/wp\/v2\/product_cat?post=2641"},{"taxonomy":"product_tag","embeddable":true,"href":"https:\/\/sokpsul.com\/en\/wp-json\/wp\/v2\/product_tag?post=2641"}],"curies":[{"name":"wp","href":"https:\/\/api.w.org\/{rel}","templated":true}]}}