{"id":2620,"date":"2021-06-04T15:35:07","date_gmt":"2021-06-04T13:35:07","guid":{"rendered":"https:\/\/sokpsul.com\/product\/veste-bleu-de-travail-btob\/"},"modified":"2025-02-13T14:48:17","modified_gmt":"2025-02-13T13:48:17","slug":"veste-vintage-bleu-de-travail","status":"publish","type":"product","link":"https:\/\/sokpsul.com\/en\/product\/veste-vintage-bleu-de-travail\/","title":{"rendered":"Vintage blue workwear jacket"},"content":{"rendered":"<p>\ud83c\uddeb\ud83c\uddf7<br \/>\nChaque pi\u00e8ce cr\u00e9\u00e9e \u00e0 partir d\u2019un bleu de travail raconte sa propre histoire. Traces d\u2019usures, t\u00e2ches et d\u00e9chirures conf\u00e8rent \u00e0 mes vestes un style unique portant les marques du pass\u00e9.<\/p>\n<p>Mes v\u00eatements sont ensuite modernis\u00e9s en France, \u00e0 Marseille. Nous r\u00e9parons les plus ab\u00eem\u00e9s afin de faire de ces tenues de travail de v\u00e9ritables accessoires de mode.<\/p>\n<p>\u26a0\ufe0f: As each jacket is unique, the jackets received will not match those in the photos.<\/p>\n<p>&nbsp;<\/p>\n<p>\ud83c\uddec\ud83c\udde7<br \/>\nEach piece created from a blue suit tells its own story. Traces of wear, stains and tears give my jackets a unique style bearing the marks of the past.<\/p>\n<p>My clothes are then modernized in France, in Marseille. We repair the most damaged ones and add various elements to make these work outfits real fashion accessories.<\/p>\n<p>\u26a0\ufe0f Please note: For custom jackets the delivery time may be extended.<\/p>\n<p>&nbsp;<\/p>\n<p><img loading=\"lazy\" decoding=\"async\" class=\"alignnone wp-image-104235 size-full\" src=\"https:\/\/sokpsul.com\/wp-content\/uploads\/2021\/06\/fiche-produit-vestes.png\" alt=\"\" width=\"800\" height=\"800\" \/><\/p>","protected":false},"excerpt":{"rendered":"<p>Bleu de travail vintage mixte.<\/p>\n<p>Veritable accessoire de mode, la veste en bleu de travail est devenue un must-have. Sa coupe droite en fait un produit pouvant \u00eatre port\u00e9 par les femmes comme par les hommes.<\/p>\n<p>Chaque pi\u00e8ce cr\u00e9\u00e9e \u00e0 partir d\u2019un bleu de travail raconte sa propre histoire. Traces d\u2019usures, t\u00e2ches et d\u00e9chirures conf\u00e8rent \u00e0 mes vestes un style unique portant les marques du pass\u00e9.<br \/>\nMes v\u00eatements sont ensuite modernis\u00e9s en France, \u00e0 Marseille. Nous r\u00e9parons les plus ab\u00eem\u00e9s afin de faire de ces tenues de travail de v\u00e9ritables accessoires de mode.<\/p>\n<p>\u26a0\ufe0f: As each jacket is unique, the jackets received will not match those in the photos.<\/p>\n<p>\u27a1\ufe0f <strong><a href=\"https:\/\/sokpsul.com\/en\/product\/veste-vintage-bleu-de-travail-custom\/\">D\u00e9couvrir nos bleus de travail customis\u00e9s<\/a><\/strong><\/p>","protected":false},"featured_media":109871,"template":"","meta":{"_et_pb_use_builder":"","_et_pb_old_content":"","_et_gb_content_width":""},"product_brand":[],"product_cat":[93,155],"product_tag":[158],"class_list":{"0":"post-2620","1":"product","2":"type-product","3":"status-publish","4":"has-post-thumbnail","6":"product_cat-mode-accessoires","7":"product_cat-hauts","8":"product_tag-bleu-de-travail","9":"pa_taille-l","10":"pa_taille-m","11":"pa_taille-s","13":"first","14":"outofstock","15":"taxable","16":"shipping-taxable","17":"purchasable","18":"product-type-variable"},"_links":{"self":[{"href":"https:\/\/sokpsul.com\/en\/wp-json\/wp\/v2\/product\/2620","targetHints":{"allow":["GET"]}}],"collection":[{"href":"https:\/\/sokpsul.com\/en\/wp-json\/wp\/v2\/product"}],"about":[{"href":"https:\/\/sokpsul.com\/en\/wp-json\/wp\/v2\/types\/product"}],"wp:featuredmedia":[{"embeddable":true,"href":"https:\/\/sokpsul.com\/en\/wp-json\/wp\/v2\/media\/109871"}],"wp:attachment":[{"href":"https:\/\/sokpsul.com\/en\/wp-json\/wp\/v2\/media?parent=2620"}],"wp:term":[{"taxonomy":"product_brand","embeddable":true,"href":"https:\/\/sokpsul.com\/en\/wp-json\/wp\/v2\/product_brand?post=2620"},{"taxonomy":"product_cat","embeddable":true,"href":"https:\/\/sokpsul.com\/en\/wp-json\/wp\/v2\/product_cat?post=2620"},{"taxonomy":"product_tag","embeddable":true,"href":"https:\/\/sokpsul.com\/en\/wp-json\/wp\/v2\/product_tag?post=2620"}],"curies":[{"name":"wp","href":"https:\/\/api.w.org\/{rel}","templated":true}]}}