{"id":2580,"date":"2021-06-04T11:05:12","date_gmt":"2021-06-04T09:05:12","guid":{"rendered":"https:\/\/sokpsul.com\/product\/plaid-moving-blanket\/"},"modified":"2022-02-25T14:43:37","modified_gmt":"2022-02-25T13:43:37","slug":"plaid-moving-blanket","status":"publish","type":"product","link":"https:\/\/sokpsul.com\/en\/product\/plaid-moving-blanket\/","title":{"rendered":"Plaid Moving Blanket"},"content":{"rendered":"<p>\ud83c\uddeb\ud83c\uddf7<br \/>\nPlaids con\u00e7us \u00e0 partir de couvertures de d\u00e9m\u00e9nagement.<br \/>\nDimensions : 200cm x 150cm<\/p>\n<p>\ud83c\uddec\ud83c\udde7<br \/>\nThrows made from moving blankets.<br \/>\nDimensions : 200cm x 150cm<\/p>","protected":false},"excerpt":{"rendered":"<p>Donnez \u00e0 votre int\u00e9rieur une sensation imm\u00e9diate d&rsquo;originalit\u00e9 et de style avec ces plaids somptueux con\u00e7us \u00e0 partir de couvertures de d\u00e9m\u00e9nagement.<\/p>","protected":false},"featured_media":102767,"template":"","meta":{"_et_pb_use_builder":"","_et_pb_old_content":"","_et_gb_content_width":""},"product_brand":[],"product_cat":[95],"product_tag":[160],"class_list":{"0":"post-2580","1":"product","2":"type-product","3":"status-publish","4":"has-post-thumbnail","6":"product_cat-maison","7":"product_tag-couverture-de-demenagement","8":"pa_couleur-noir","9":"pa_couleur-rouille","10":"pa_couleur-white","12":"first","13":"instock","14":"taxable","15":"shipping-taxable","16":"purchasable","17":"product-type-variable"},"_links":{"self":[{"href":"https:\/\/sokpsul.com\/en\/wp-json\/wp\/v2\/product\/2580","targetHints":{"allow":["GET"]}}],"collection":[{"href":"https:\/\/sokpsul.com\/en\/wp-json\/wp\/v2\/product"}],"about":[{"href":"https:\/\/sokpsul.com\/en\/wp-json\/wp\/v2\/types\/product"}],"wp:featuredmedia":[{"embeddable":true,"href":"https:\/\/sokpsul.com\/en\/wp-json\/wp\/v2\/media\/102767"}],"wp:attachment":[{"href":"https:\/\/sokpsul.com\/en\/wp-json\/wp\/v2\/media?parent=2580"}],"wp:term":[{"taxonomy":"product_brand","embeddable":true,"href":"https:\/\/sokpsul.com\/en\/wp-json\/wp\/v2\/product_brand?post=2580"},{"taxonomy":"product_cat","embeddable":true,"href":"https:\/\/sokpsul.com\/en\/wp-json\/wp\/v2\/product_cat?post=2580"},{"taxonomy":"product_tag","embeddable":true,"href":"https:\/\/sokpsul.com\/en\/wp-json\/wp\/v2\/product_tag?post=2580"}],"curies":[{"name":"wp","href":"https:\/\/api.w.org\/{rel}","templated":true}]}}