{"id":2499,"date":"2021-06-02T09:53:47","date_gmt":"2021-06-02T07:53:47","guid":{"rendered":"https:\/\/sokpsul.com\/product\/okinawa\/"},"modified":"2022-07-08T12:05:24","modified_gmt":"2022-07-08T10:05:24","slug":"okinawa-pochette-en-serpilliere-recyclee","status":"publish","type":"product","link":"https:\/\/sokpsul.com\/en\/product\/okinawa-pochette-en-serpilliere-recyclee\/","title":{"rendered":"Okinawa \u2013 Recycled mop pouch"},"content":{"rendered":"<p>\ud83c\uddeb\ud83c\uddf7<br \/>\nPochette mod\u00e8le Okinawa r\u00e9alis\u00e9e en serpilli\u00e8res recycl\u00e9es. Avec rabat et deux compartiments \u00e0 l&rsquo;int\u00e9rieur.<br \/>\nImagin\u00e9 lors de mes voyages \u00e0 travers le monde et pens\u00e9 \u00e0 Marseille, France.<\/p>\n<p>Dimensions : L 27cm x H 18cm<\/p>\n<p>\ud83c\uddec\ud83c\udde7<br \/>\nOkinawa model pouch made from recycled mops.<br \/>\nImagined during my travels around the world and thought in Marseille, France.<\/p>\n<p>Dimensions : L 27cm x H 18cm \/ 10,6in x 7in<\/p>\n<p><img loading=\"lazy\" decoding=\"async\" class=\"alignnone wp-image-103896\" src=\"https:\/\/sokpsul.com\/wp-content\/uploads\/2021\/07\/fiche-produit-pochette-serpillie\u0300res-300x300.png\" alt=\"\" width=\"500\" height=\"500\" \/><\/p>\n<p>&nbsp;<\/p>","protected":false},"excerpt":{"rendered":"<p>Pochette mod\u00e8le Okinawa r\u00e9alis\u00e9e en serpilli\u00e8res recycl\u00e9es. Avec rabat et deux compartiments \u00e0 l&rsquo;int\u00e9rieur.<\/p>","protected":false},"featured_media":102746,"template":"","meta":{"_et_pb_use_builder":"","_et_pb_old_content":"","_et_gb_content_width":""},"product_brand":[],"product_cat":[151,94],"product_tag":[161],"class_list":{"0":"post-2499","1":"product","2":"type-product","3":"status-publish","4":"has-post-thumbnail","6":"product_cat-pochettes","7":"product_cat-sacs-pochettes","8":"product_tag-serpilliere-recyclee","10":"first","11":"instock","12":"taxable","13":"shipping-taxable","14":"purchasable","15":"product-type-simple"},"_links":{"self":[{"href":"https:\/\/sokpsul.com\/en\/wp-json\/wp\/v2\/product\/2499","targetHints":{"allow":["GET"]}}],"collection":[{"href":"https:\/\/sokpsul.com\/en\/wp-json\/wp\/v2\/product"}],"about":[{"href":"https:\/\/sokpsul.com\/en\/wp-json\/wp\/v2\/types\/product"}],"wp:featuredmedia":[{"embeddable":true,"href":"https:\/\/sokpsul.com\/en\/wp-json\/wp\/v2\/media\/102746"}],"wp:attachment":[{"href":"https:\/\/sokpsul.com\/en\/wp-json\/wp\/v2\/media?parent=2499"}],"wp:term":[{"taxonomy":"product_brand","embeddable":true,"href":"https:\/\/sokpsul.com\/en\/wp-json\/wp\/v2\/product_brand?post=2499"},{"taxonomy":"product_cat","embeddable":true,"href":"https:\/\/sokpsul.com\/en\/wp-json\/wp\/v2\/product_cat?post=2499"},{"taxonomy":"product_tag","embeddable":true,"href":"https:\/\/sokpsul.com\/en\/wp-json\/wp\/v2\/product_tag?post=2499"}],"curies":[{"name":"wp","href":"https:\/\/api.w.org\/{rel}","templated":true}]}}