{"id":2295,"date":"2021-06-02T07:50:31","date_gmt":"2021-06-02T05:50:31","guid":{"rendered":"https:\/\/sokpsul.com\/product\/australie\/"},"modified":"2022-07-08T12:06:26","modified_gmt":"2022-07-08T10:06:26","slug":"australie-kilimsac-en-serpilliere-recyclee","status":"publish","type":"product","link":"https:\/\/sokpsul.com\/en\/product\/australie-kilimsac-en-serpilliere-recyclee\/","title":{"rendered":"Australia Kilim - Bag made of recycled mop"},"content":{"rendered":"<p>\ud83c\uddeb\ud83c\uddf7<br \/>\nSac mod\u00e8le Australie confectionn\u00e9 en serpilli\u00e8re recycl\u00e9e. Grand sac \u00e0 bandouli\u00e8re avec rabat, r\u00e9alis\u00e9 en mati\u00e8re recycl\u00e9e.<br \/>\nImagin\u00e9 lors de mes voyages \u00e0 travers le monde et pens\u00e9 \u00e0 Marseille, France.<\/p>\n<p>Dimensions (hors anses) : L 50cm x H 40cm<\/p>\n<p>\ud83c\uddec\ud83c\udde7<br \/>\nAustralia model, bag made from recycled mop. Large shoulder bag made from recycled material.<br \/>\nImagined during my travels around the world and thought in Marseille, France.<\/p>\n<p>Dimensions (excluding handles): L 50cm x H 40cm \/ 19,7in x 15,7in<\/p>\n<p><img loading=\"lazy\" decoding=\"async\" class=\"alignnone wp-image-103897 size-full\" src=\"https:\/\/sokpsul.com\/wp-content\/uploads\/2021\/06\/fiche-produit-SAC-SERPILLIE\u0300RE.png\" alt=\"\" width=\"800\" height=\"800\" \/><\/p>\n<p>&nbsp;<\/p>","protected":false},"excerpt":{"rendered":"<p>Sac mod\u00e8le Australie confectionn\u00e9 en serpilli\u00e8re recycl\u00e9e. Avec rabat et poche zipp\u00e9e \u00e0 l&rsquo;int\u00e9rieur.<\/p>","protected":false},"featured_media":103892,"template":"","meta":{"_et_pb_use_builder":"","_et_pb_old_content":"","_et_gb_content_width":""},"product_brand":[],"product_cat":[150,94],"product_tag":[161],"class_list":{"0":"post-2295","1":"product","2":"type-product","3":"status-publish","4":"has-post-thumbnail","6":"product_cat-sacs","7":"product_cat-sacs-pochettes","8":"product_tag-serpilliere-recyclee","10":"first","11":"instock","12":"taxable","13":"shipping-taxable","14":"purchasable","15":"product-type-simple"},"_links":{"self":[{"href":"https:\/\/sokpsul.com\/en\/wp-json\/wp\/v2\/product\/2295","targetHints":{"allow":["GET"]}}],"collection":[{"href":"https:\/\/sokpsul.com\/en\/wp-json\/wp\/v2\/product"}],"about":[{"href":"https:\/\/sokpsul.com\/en\/wp-json\/wp\/v2\/types\/product"}],"wp:featuredmedia":[{"embeddable":true,"href":"https:\/\/sokpsul.com\/en\/wp-json\/wp\/v2\/media\/103892"}],"wp:attachment":[{"href":"https:\/\/sokpsul.com\/en\/wp-json\/wp\/v2\/media?parent=2295"}],"wp:term":[{"taxonomy":"product_brand","embeddable":true,"href":"https:\/\/sokpsul.com\/en\/wp-json\/wp\/v2\/product_brand?post=2295"},{"taxonomy":"product_cat","embeddable":true,"href":"https:\/\/sokpsul.com\/en\/wp-json\/wp\/v2\/product_cat?post=2295"},{"taxonomy":"product_tag","embeddable":true,"href":"https:\/\/sokpsul.com\/en\/wp-json\/wp\/v2\/product_tag?post=2295"}],"curies":[{"name":"wp","href":"https:\/\/api.w.org\/{rel}","templated":true}]}}