{"id":1479,"date":"2021-04-13T13:42:32","date_gmt":"2021-04-13T11:42:32","guid":{"rendered":"https:\/\/sokpsul.com\/product\/baton-de-marche\/"},"modified":"2025-09-04T15:17:07","modified_gmt":"2025-09-04T13:17:07","slug":"baton-de-marche-en-bois-naturel","status":"publish","type":"product","link":"https:\/\/sokpsul.com\/en\/product\/baton-de-marche-en-bois-naturel\/","title":{"rendered":"Natural wood walking stick"},"content":{"rendered":"<p>\ud83c\uddeb\ud83c\uddf7<br \/>\nB\u00e2ton de marche en bois de ch\u00e2taignier coup\u00e9 dans des for\u00eats g\u00e9r\u00e9es de fa\u00e7on durable. Fabriqu\u00e9 en France et peint avec amour !<br \/>\nPour moi un arbre est un \u00eatre qui meurt chaque automne et qui renait chaque printemps.<\/p>\n<p>Mati\u00e8res : bois de ch\u00e2taigniers et lani\u00e8re en cuir v\u00e9g\u00e9tal<\/p>\n<p>\ud83c\uddec\ud83c\udde7<br \/>\nHiking sticks made with french natural chestnut cut in managed forests. Made in France and painted with love<br \/>\nFor me a tree is a being who dies every autumn and who is reborn every spring.<\/p>\n<p>Materials: chestnut wood and vegetable leather strap<\/p>\n<p><img loading=\"lazy\" decoding=\"async\" class=\"alignnone wp-image-104281 size-full\" src=\"https:\/\/sokpsul.com\/wp-content\/uploads\/2021\/04\/fiche-produit-baton.jpg\" alt=\"\" width=\"800\" height=\"800\" \/><\/p>","protected":false},"excerpt":{"rendered":"<p>Walking stick made of chestnut wood cut from sustainably managed forests.<br \/>\nMade in France and painted with love!<\/p>\n<p>&nbsp;<\/p>","protected":false},"featured_media":102731,"template":"","meta":{"_et_pb_use_builder":"","_et_pb_old_content":"","_et_gb_content_width":""},"product_brand":[],"product_cat":[97],"product_tag":[],"class_list":{"0":"post-1479","1":"product","2":"type-product","3":"status-publish","4":"has-post-thumbnail","6":"product_cat-batons-de-marche","8":"first","9":"instock","10":"taxable","11":"shipping-taxable","12":"purchasable","13":"product-type-simple"},"_links":{"self":[{"href":"https:\/\/sokpsul.com\/en\/wp-json\/wp\/v2\/product\/1479","targetHints":{"allow":["GET"]}}],"collection":[{"href":"https:\/\/sokpsul.com\/en\/wp-json\/wp\/v2\/product"}],"about":[{"href":"https:\/\/sokpsul.com\/en\/wp-json\/wp\/v2\/types\/product"}],"wp:featuredmedia":[{"embeddable":true,"href":"https:\/\/sokpsul.com\/en\/wp-json\/wp\/v2\/media\/102731"}],"wp:attachment":[{"href":"https:\/\/sokpsul.com\/en\/wp-json\/wp\/v2\/media?parent=1479"}],"wp:term":[{"taxonomy":"product_brand","embeddable":true,"href":"https:\/\/sokpsul.com\/en\/wp-json\/wp\/v2\/product_brand?post=1479"},{"taxonomy":"product_cat","embeddable":true,"href":"https:\/\/sokpsul.com\/en\/wp-json\/wp\/v2\/product_cat?post=1479"},{"taxonomy":"product_tag","embeddable":true,"href":"https:\/\/sokpsul.com\/en\/wp-json\/wp\/v2\/product_tag?post=1479"}],"curies":[{"name":"wp","href":"https:\/\/api.w.org\/{rel}","templated":true}]}}