{"id":109876,"date":"2025-07-21T14:37:51","date_gmt":"2025-07-21T12:37:51","guid":{"rendered":"https:\/\/sokpsul.com\/?post_type=product&#038;p=109876"},"modified":"2025-07-21T14:45:02","modified_gmt":"2025-07-21T12:45:02","slug":"new-zealand-grand-sac-en-serpilliere-recyclee","status":"publish","type":"product","link":"https:\/\/sokpsul.com\/en\/product\/new-zealand-grand-sac-en-serpilliere-recyclee\/","title":{"rendered":"New Zealand \u2013 Large bag made of recycled mop"},"content":{"rendered":"<p>\ud83c\uddeb\ud83c\uddf7<br \/>\nSac XXL NZ, confectionn\u00e9 en serpilli\u00e8re recycl\u00e9e.<br \/>\nImagin\u00e9 lors de mes voyages \u00e0 travers le monde et pens\u00e9 \u00e0 Marseille, France.<\/p>\n<p>Dimensions (hors anses) : L 43cm x H 48cm<\/p>\n<p>\ud83c\uddec\ud83c\udde7<br \/>\nXXL NZ bag, made from recycled mop.<br \/>\nImagined during my travels around the world and thought in Marseille, France.<\/p>\n<p>Dimensions (excluding handles): L 43cm x H 49cm<\/p>\n<p><img loading=\"lazy\" decoding=\"async\" class=\"alignnone wp-image-103897 size-full\" src=\"https:\/\/sokpsul.com\/wp-content\/uploads\/2021\/06\/fiche-produit-SAC-SERPILLIE\u0300RE.png\" alt=\"\" width=\"800\" height=\"800\" \/><\/p>\n<p>&nbsp;<\/p>","protected":false},"excerpt":{"rendered":"<p>Sac XXL USA, confectionn\u00e9 en serpilli\u00e8re recycl\u00e9e.<br \/>\nImagin\u00e9 lors de mes voyages \u00e0 travers le monde et pens\u00e9 \u00e0 Marseille, France.<\/p>","protected":false},"featured_media":102938,"template":"","meta":{"_et_pb_use_builder":"","_et_pb_old_content":"","_et_gb_content_width":""},"product_brand":[],"product_cat":[150,94],"product_tag":[161],"class_list":{"0":"post-109876","1":"product","2":"type-product","3":"status-publish","4":"has-post-thumbnail","6":"product_cat-sacs","7":"product_cat-sacs-pochettes","8":"product_tag-serpilliere-recyclee","9":"pa_couleur-bordeaux","10":"pa_couleur-red","11":"pa_couleur-white","13":"first","14":"instock","15":"taxable","16":"shipping-taxable","17":"purchasable","18":"product-type-variable"},"_links":{"self":[{"href":"https:\/\/sokpsul.com\/en\/wp-json\/wp\/v2\/product\/109876","targetHints":{"allow":["GET"]}}],"collection":[{"href":"https:\/\/sokpsul.com\/en\/wp-json\/wp\/v2\/product"}],"about":[{"href":"https:\/\/sokpsul.com\/en\/wp-json\/wp\/v2\/types\/product"}],"wp:featuredmedia":[{"embeddable":true,"href":"https:\/\/sokpsul.com\/en\/wp-json\/wp\/v2\/media\/102938"}],"wp:attachment":[{"href":"https:\/\/sokpsul.com\/en\/wp-json\/wp\/v2\/media?parent=109876"}],"wp:term":[{"taxonomy":"product_brand","embeddable":true,"href":"https:\/\/sokpsul.com\/en\/wp-json\/wp\/v2\/product_brand?post=109876"},{"taxonomy":"product_cat","embeddable":true,"href":"https:\/\/sokpsul.com\/en\/wp-json\/wp\/v2\/product_cat?post=109876"},{"taxonomy":"product_tag","embeddable":true,"href":"https:\/\/sokpsul.com\/en\/wp-json\/wp\/v2\/product_tag?post=109876"}],"curies":[{"name":"wp","href":"https:\/\/api.w.org\/{rel}","templated":true}]}}