{"id":104850,"date":"2022-03-11T09:41:35","date_gmt":"2022-03-11T08:41:35","guid":{"rendered":"https:\/\/sokpsul.com\/?post_type=product&#038;p=104850"},"modified":"2023-11-22T11:10:27","modified_gmt":"2023-11-22T10:10:27","slug":"pantalon-bleu-de-travail-candy","status":"publish","type":"product","link":"https:\/\/sokpsul.com\/en\/product\/pantalon-bleu-de-travail-candy\/","title":{"rendered":"Blue Work Pants Candy"},"content":{"rendered":"<p>\ud83c\uddeb\ud83c\uddf7<br \/>\nChaque pi\u00e8ce cr\u00e9\u00e9e \u00e0 partir d\u2019un bleu de travail raconte sa propre histoire. Traces d\u2019usures, t\u00e2ches et d\u00e9chirures conf\u00e8rent \u00e0 ces pantalons en bleu de travail un style unique portant les marques du pass\u00e9.<\/p>\n<p>Les pantalons sont ensuite modernis\u00e9s en France, \u00e0 Marseille. Nous r\u00e9parons les plus ab\u00eem\u00e9s de faire de ces tenues de travail de v\u00e9ritables accessoires de mode.<\/p>\n<p>\u26a0\ufe0f : Chaque pantalon \u00e9tant unique, les pantalons bleu de travail re\u00e7ue ne correspondront pas \u00e0 ceux des photos.<\/p>\n<p>&nbsp;<\/p>\n<p>\ud83c\uddec\ud83c\udde7<\/p>\n<p>Each piece created from a pair of overalls tells its own story. Traces of wear, stains and tears give these blue overalls a unique style bearing the marks of the past.<\/p>\n<p>The pants are then modernized in France, in Marseille. We repair the most damaged ones to make these work clothes real fashion accessories.<\/p>\n<p>\u26a0\ufe0f : Each jacket is unique, the jackets received will not match those in the photos.<\/p>\n<p>&nbsp;<\/p>\n<p><img loading=\"lazy\" decoding=\"async\" class=\"alignnone wp-image-104235 size-full\" src=\"https:\/\/sokpsul.com\/wp-content\/uploads\/2021\/06\/fiche-produit-vestes.png\" alt=\"\" width=\"800\" height=\"800\" \/><\/p>","protected":false},"excerpt":{"rendered":"<p><strong>Pantalon bleu de travail Candy avec \u00e9lastique \u00e0 la taille<\/strong><\/p>\n<p>V\u00e9ritable accessoire de mode, le pantalon en bleu de travail est devenue un must-have. Sa coupe droite en fait et son \u00e9lastique \u00e0 la taille en fait un produit ultra tendance et vintage.<\/p>\n<p>Chaque pi\u00e8ce cr\u00e9\u00e9e \u00e0 partir d\u2019un bleu de travail raconte sa propre histoire. Traces d\u2019usures, t\u00e2ches et d\u00e9chirures conf\u00e8rent \u00e0 ces pantalons en bleu de travail un style unique portant les marques du pass\u00e9.<\/p>\n<p>\u26a0\ufe0f : Chaque pantalon \u00e9tant unique, les pantalons bleu de travail re\u00e7ue ne correspondront pas \u00e0 ceux des photos.<\/p>\n<p>\u27a1\ufe0f <strong><a href=\"https:\/\/sokpsul.com\/en\/product\/veste-vintage-bleu-de-travail\/\">D\u00e9couvrir nos vestes bleus de travail<\/a><\/strong><\/p>","protected":false},"featured_media":104855,"template":"","meta":{"_et_pb_use_builder":"","_et_pb_old_content":"","_et_gb_content_width":""},"product_brand":[],"product_cat":[156,93],"product_tag":[158],"class_list":{"0":"post-104850","1":"product","2":"type-product","3":"status-publish","4":"has-post-thumbnail","6":"product_cat-combinaisons-bas","7":"product_cat-mode-accessoires","8":"product_tag-bleu-de-travail","9":"pa_taille-l","10":"pa_taille-m","11":"pa_taille-s","13":"first","14":"outofstock","15":"taxable","16":"shipping-taxable","17":"purchasable","18":"product-type-variable"},"_links":{"self":[{"href":"https:\/\/sokpsul.com\/en\/wp-json\/wp\/v2\/product\/104850","targetHints":{"allow":["GET"]}}],"collection":[{"href":"https:\/\/sokpsul.com\/en\/wp-json\/wp\/v2\/product"}],"about":[{"href":"https:\/\/sokpsul.com\/en\/wp-json\/wp\/v2\/types\/product"}],"wp:featuredmedia":[{"embeddable":true,"href":"https:\/\/sokpsul.com\/en\/wp-json\/wp\/v2\/media\/104855"}],"wp:attachment":[{"href":"https:\/\/sokpsul.com\/en\/wp-json\/wp\/v2\/media?parent=104850"}],"wp:term":[{"taxonomy":"product_brand","embeddable":true,"href":"https:\/\/sokpsul.com\/en\/wp-json\/wp\/v2\/product_brand?post=104850"},{"taxonomy":"product_cat","embeddable":true,"href":"https:\/\/sokpsul.com\/en\/wp-json\/wp\/v2\/product_cat?post=104850"},{"taxonomy":"product_tag","embeddable":true,"href":"https:\/\/sokpsul.com\/en\/wp-json\/wp\/v2\/product_tag?post=104850"}],"curies":[{"name":"wp","href":"https:\/\/api.w.org\/{rel}","templated":true}]}}