{"id":104831,"date":"2022-03-09T17:39:26","date_gmt":"2022-03-09T16:39:26","guid":{"rendered":"https:\/\/sokpsul.com\/?post_type=product&#038;p=104831"},"modified":"2022-03-14T12:47:51","modified_gmt":"2022-03-14T11:47:51","slug":"short-en-jean-levis-candy","status":"publish","type":"product","link":"https:\/\/sokpsul.com\/en\/product\/short-en-jean-levis-candy\/","title":{"rendered":"Denim short Levi's Candy"},"content":{"rendered":"<p>\ud83c\uddeb\ud83c\uddf7<\/p>\n<p>Levi\u2019s est le g\u00e9ant absolu du jean. Depuis plus d\u2019un si\u00e8cle, la marque nous fait aimer le denim et nous permet de l\u2019adopter sous toutes ses formes au gr\u00e9 des tendances.<br \/>\nAfin de remettre au go\u00fbt du jour les mythiques jeans de la marque Levi&rsquo;s et en faire des pantalons ultra tendance, nous y avons ajout\u00e9 un \u00e9lastique \u00e0 la taille.<\/p>\n<p>Pr\u00e8s de 150 ans apr\u00e8s la cr\u00e9ation de son premier \u00ab\u00a0Blue Jean\u00a0\u00bb, la marque am\u00e9ricaine peut se targuer de proposer des pi\u00e8ces multig\u00e9n\u00e9rationnelles. Si la large gamme de jeans reste un pilier chez Levi&rsquo;s, de nouveaux indispensables sont venus s&rsquo;ajouter au fil des ann\u00e9esre.<\/p>\n<p>&nbsp;<\/p>\n<p>\ud83c\uddec\ud83c\udde7<\/p>\n<p>Levi&rsquo;s is the ultimate denim giant. For more than a century, the brand has made us love denim and allows us to adopt it in all its forms according to the trends.<br \/>\nIn order to bring the legendary Levi&rsquo;s jeans up to date and make them ultra trendy, we added an elastic waistband.<\/p>\n<p>Almost 150 years after the creation of its first \u00ab\u00a0Blue Jean\u00a0\u00bb, the American brand can boast of offering multigenerational pieces. While the wide range of jeans remains a mainstay at Levi&rsquo;s, new essentials have been added over the years.<\/p>\n<p>&nbsp;<\/p>\n<p>&nbsp;<\/p>\n<p>&nbsp;<\/p>","protected":false},"excerpt":{"rendered":"<p><strong>Short Levi&rsquo;s Vintage frang\u00e9 avec \u00e9lastique \u00e0 la taille.\u00a0<\/strong><\/p>\n<p>Afin de remettre au go\u00fbt du jour les mythiques jeans de la marque Levi&rsquo;s nous les avons coup\u00e9 pour en faire des shorts ultra tendances, nous y avons ajout\u00e9 un \u00e9lastique \u00e0 la taille et frang\u00e9 le bas.<\/p>\n<p>SoKpsul vous offre une s\u00e9lection de produits authentiques de la marque Levi&rsquo;s Strauss. Cet \u00e9lastique \u00e0 la taille, permet de moderniser ces shorts jeans dans le respect et la tradition des cr\u00e9ateurs, des toiles et des teintures, pour les puristes de la marque et pour tous les autres.<\/p>\n<p>Les pantalons et shorts \u00ab\u00a0Candy\u00a0\u00bb sont distribu\u00e9s en toute intimit\u00e9&#8230; et vous ne trouverez pas ces produits dans les grands Levi&rsquo;s store.<\/p>\n<p>\u26a0\ufe0f : Ces shorts en jeans \u00e9tant uniques, les pi\u00e8ces re\u00e7ues ne correspondront pas \u00e0 celles des photos.<\/p>\n<p>&nbsp;<\/p>","protected":false},"featured_media":104926,"template":"","meta":{"_et_pb_use_builder":"","_et_pb_old_content":"","_et_gb_content_width":""},"product_brand":[],"product_cat":[156,93],"product_tag":[173],"class_list":{"0":"post-104831","1":"product","2":"type-product","3":"status-publish","4":"has-post-thumbnail","6":"product_cat-combinaisons-bas","7":"product_cat-mode-accessoires","8":"product_tag-levis-vintage","9":"pa_taille-l","10":"pa_taille-m","11":"pa_taille-s","13":"first","14":"instock","15":"taxable","16":"shipping-taxable","17":"purchasable","18":"product-type-variable"},"_links":{"self":[{"href":"https:\/\/sokpsul.com\/en\/wp-json\/wp\/v2\/product\/104831","targetHints":{"allow":["GET"]}}],"collection":[{"href":"https:\/\/sokpsul.com\/en\/wp-json\/wp\/v2\/product"}],"about":[{"href":"https:\/\/sokpsul.com\/en\/wp-json\/wp\/v2\/types\/product"}],"wp:featuredmedia":[{"embeddable":true,"href":"https:\/\/sokpsul.com\/en\/wp-json\/wp\/v2\/media\/104926"}],"wp:attachment":[{"href":"https:\/\/sokpsul.com\/en\/wp-json\/wp\/v2\/media?parent=104831"}],"wp:term":[{"taxonomy":"product_brand","embeddable":true,"href":"https:\/\/sokpsul.com\/en\/wp-json\/wp\/v2\/product_brand?post=104831"},{"taxonomy":"product_cat","embeddable":true,"href":"https:\/\/sokpsul.com\/en\/wp-json\/wp\/v2\/product_cat?post=104831"},{"taxonomy":"product_tag","embeddable":true,"href":"https:\/\/sokpsul.com\/en\/wp-json\/wp\/v2\/product_tag?post=104831"}],"curies":[{"name":"wp","href":"https:\/\/api.w.org\/{rel}","templated":true}]}}