{"id":104647,"date":"2022-02-25T18:13:46","date_gmt":"2022-02-25T17:13:46","guid":{"rendered":"https:\/\/sokpsul.com\/?post_type=product&#038;p=104647"},"modified":"2022-03-02T17:34:31","modified_gmt":"2022-03-02T16:34:31","slug":"combinaison-vintage-bleu-de-travail","status":"publish","type":"product","link":"https:\/\/sokpsul.com\/en\/product\/combinaison-vintage-bleu-de-travail\/","title":{"rendered":"Vintage blue jumpsuit"},"content":{"rendered":"<p>\ud83c\uddeb\ud83c\uddf7<br \/>\nChaque combinaison en bleu de travail raconte sa propre histoire. Traces d\u2019usures, t\u00e2ches et d\u00e9chirures conf\u00e8rent \u00e0 mes combinaisons un style unique portant les marques du pass\u00e9. Nos combinaisons en bleu de travail sont uniques et customisables \u00e0 l&rsquo;infini !<\/p>\n<p>Ces combinaisons en bleu de travail sont ensuite r\u00e9par\u00e9es et modernis\u00e9es en France, \u00e0 Marseille.<\/p>\n<p>&nbsp;<\/p>\n<p>\ud83c\uddec\ud83c\udde7<br \/>\nEach piece created from a blue suit tells its own story. Traces of wear, stains and tears give my suits a unique style bearing the marks of the past.<\/p>\n<p><img loading=\"lazy\" decoding=\"async\" class=\"alignnone wp-image-104235 size-full\" src=\"https:\/\/sokpsul.com\/wp-content\/uploads\/2021\/06\/fiche-produit-vestes.png\" alt=\"\" width=\"800\" height=\"800\" \/><\/p>\n<p>&nbsp;<\/p>\n<p>&nbsp;<\/p>","protected":false},"excerpt":{"rendered":"<p>Combinaison vintage bleu de travail.<\/p>\n<p>Veritable accessoire de mode, la combinaison en bleu de travail est devenue un must-have. Sa coupe en fait un produit pouvant \u00eatre port\u00e9 par les femmes comme par les hommes.<\/p>\n<p>Chaque combinaison en bleu de travail raconte sa propre histoire. Traces d\u2019usures, t\u00e2ches et d\u00e9chirures conf\u00e8rent \u00e0 mes combinaisons un style unique portant les marques du pass\u00e9. Nos combinaisons en bleu de travail sont uniques et customisables \u00e0 l&rsquo;infini !<\/p>\n<p>Ces combinaisons en bleu de travail sont ensuite r\u00e9par\u00e9es et modernis\u00e9es en France, \u00e0 Marseille.<\/p>\n<p>\u26a0\ufe0f : Les combinaisons \u00e9tant uniques, les combinaisons re\u00e7ues ne correspondront pas \u00e0 celles des photos.<\/p>\n<p>\u27a1\ufe0f <strong><a href=\"https:\/\/sokpsul.com\/en\/product\/combinaison-custom-bleu-de-travail-custom\/\">Combinaisons bleu de travail customis\u00e9es<\/a><\/strong><\/p>","protected":false},"featured_media":104667,"template":"","meta":{"_et_pb_use_builder":"","_et_pb_old_content":"","_et_gb_content_width":""},"product_brand":[],"product_cat":[156,93],"product_tag":[158],"class_list":{"0":"post-104647","1":"product","2":"type-product","3":"status-publish","4":"has-post-thumbnail","6":"product_cat-combinaisons-bas","7":"product_cat-mode-accessoires","8":"product_tag-bleu-de-travail","9":"pa_taille-l","10":"pa_taille-m","11":"pa_taille-s","13":"first","14":"outofstock","15":"taxable","16":"shipping-taxable","17":"purchasable","18":"product-type-variable"},"_links":{"self":[{"href":"https:\/\/sokpsul.com\/en\/wp-json\/wp\/v2\/product\/104647","targetHints":{"allow":["GET"]}}],"collection":[{"href":"https:\/\/sokpsul.com\/en\/wp-json\/wp\/v2\/product"}],"about":[{"href":"https:\/\/sokpsul.com\/en\/wp-json\/wp\/v2\/types\/product"}],"wp:featuredmedia":[{"embeddable":true,"href":"https:\/\/sokpsul.com\/en\/wp-json\/wp\/v2\/media\/104667"}],"wp:attachment":[{"href":"https:\/\/sokpsul.com\/en\/wp-json\/wp\/v2\/media?parent=104647"}],"wp:term":[{"taxonomy":"product_brand","embeddable":true,"href":"https:\/\/sokpsul.com\/en\/wp-json\/wp\/v2\/product_brand?post=104647"},{"taxonomy":"product_cat","embeddable":true,"href":"https:\/\/sokpsul.com\/en\/wp-json\/wp\/v2\/product_cat?post=104647"},{"taxonomy":"product_tag","embeddable":true,"href":"https:\/\/sokpsul.com\/en\/wp-json\/wp\/v2\/product_tag?post=104647"}],"curies":[{"name":"wp","href":"https:\/\/api.w.org\/{rel}","templated":true}]}}